{"id":2225,"date":"2024-08-08T09:51:18","date_gmt":"2024-08-08T09:51:18","guid":{"rendered":"https:\/\/trucks-buses-pt.nors.com\/?page_id=2225"},"modified":"2024-10-08T09:40:49","modified_gmt":"2024-10-08T09:40:49","slug":"route-25","status":"publish","type":"page","link":"https:\/\/trucks-buses-pt-vt.nors.com\/en\/route-25\/","title":{"rendered":"ROUTE 25"},"content":{"rendered":"<div class=\"wp-block-group is-layout-constrained\">\n<div style=\"height:30px\" aria-hidden=\"true\" class=\"wp-block-spacer\"><\/div>\n\n\n\n<figure class=\"wp-block-image size-large\"><img decoding=\"async\" loading=\"lazy\" width=\"1024\" height=\"158\" src=\"https:\/\/trucks-buses-pt-vt.nors.com\/wp-content\/uploads\/2024\/08\/headerroute25-1024x158.png\" alt=\"\" class=\"wp-image-2226\" srcset=\"https:\/\/trucks-buses-pt-vt.nors.com\/wp-content\/uploads\/2024\/08\/headerroute25-1024x158.png 1024w, https:\/\/trucks-buses-pt-vt.nors.com\/wp-content\/uploads\/2024\/08\/headerroute25-300x46.png 300w, https:\/\/trucks-buses-pt-vt.nors.com\/wp-content\/uploads\/2024\/08\/headerroute25-768x119.png 768w, https:\/\/trucks-buses-pt-vt.nors.com\/wp-content\/uploads\/2024\/08\/headerroute25-18x3.png 18w, https:\/\/trucks-buses-pt-vt.nors.com\/wp-content\/uploads\/2024\/08\/headerroute25.png 1088w\" sizes=\"(max-width: 1024px) 100vw, 1024px\" \/><\/figure>\n\n\n\n<p><strong>Agenda<\/strong> | <em>Route 25: Agenda for Autonomous, Intelligent, Interoperable and Inclusive Mobility<\/em><\/p>\n\n\n\n<p><strong>L\u00edder do Cons\u00f3rcio<\/strong> | CAPGEMINI PORTUGAL, S.A.<\/p>\n\n\n\n<p><strong>Descri\u00e7\u00e3o da Agenda<\/strong> | A <em>Route 25<\/em> definir\u00e1 o futuro da mobilidade pretendendo \u201cposicionar Portugal na vanguarda das tecnologias de transporte inteligente e inclusivo\u201d.<\/p>\n\n\n\n<p><strong>Data de in\u00edcio<\/strong> | 01-10-2022<\/p>\n\n\n\n<p><strong>Data de conclus\u00e3o<\/strong> | 30-09-2025<\/p>\n\n\n\n<p><strong>Investimento<\/strong> | 51.331.437,19 EUR<\/p>\n\n\n\n<p><strong>Objetivos, atividades e resultados esperados<\/strong><\/p>\n\n\n\n<p>A Agenda \u201c<em>Route 25 &#8211; Agenda for Autonomous, Intelligent, Interoperable, and Inclusive Mobility<\/em>\u201d alavanca a investiga\u00e7\u00e3o e desenvolvimento de solu\u00e7\u00f5es tecnol\u00f3gicas disruptivas para a Mobilidade Aut\u00f3noma, Inteligente, Interoper\u00e1vel e Inclusiva, criando uma nova cadeia de valor em Portugal em atividades de alta intensidade tecnol\u00f3gica e na coes\u00e3o territorial, gerando EUR 80M em vendas e 488 postos de trabalho, atrav\u00e9s de 8 atividades (<em>WP \u2013 Work Packages<\/em>):<\/p>\n\n\n\n<p><em>WP1: Assisted and Autonomous Driving for Safe Mobility<\/em><\/p>\n\n\n\n<p><em>WP2: Digital Experience &amp; Adaptive Connectivity for Cooperative Mobility<\/em><\/p>\n\n\n\n<p><em>WP3: Connected Infrastructures for Resilient and Inclusive Cities<\/em><\/p>\n\n\n\n<p><em>WP4: Intelligent Infrastructures for Low-Carbon Intercity Mobility<\/em><\/p>\n\n\n\n<p><em>WP5: Large-Scale Demonstrators<\/em><\/p>\n\n\n\n<p><em>WP6: Scientific and Technological Training<\/em><\/p>\n\n\n\n<p><em>WP7: Communication, Dissemination and Exploitation<\/em><\/p>\n\n\n\n<p><em>WP8: Route 25 Coordination<\/em><\/p>\n\n\n\n<p>A Agenda alicer\u00e7a-se em \u00e1reas de interven\u00e7\u00e3o que resultar\u00e3o na coloca\u00e7\u00e3o no mercado de 47 PPS inovadores e disruptivos relacionados com condu\u00e7\u00e3o assistida e aut\u00f3noma para uma mobilidade segura, numa experi\u00eancia digital para uma mobilidade cooperativa, em infraestruturas conectadas para cidades resilientes e inclusivas e infraestruturas inteligentes para mobilidade intercidades de baixo carbono &#8211; \u00e9 a \u00fanica Agenda a endere\u00e7ar estas \u00e1reas e tem os PPS necess\u00e1rios, dependentes e interligados, para atingir os objetivos definidos.<\/p>\n\n\n\n<p><strong>Entidade benefici\u00e1ria<\/strong> | <strong>Nors VT Trucks and Buses Portugal S.A.<\/strong>.<\/p>\n\n\n\n<p><strong>Investimento<\/strong> | 2.386.158,00 EUR<\/p>\n\n\n\n<div style=\"height:81px\" aria-hidden=\"true\" class=\"wp-block-spacer\"><\/div>\n<\/div>","protected":false},"excerpt":{"rendered":"<p>Agenda | Route 25: Agenda for Autonomous, Intelligent, Interoperable and Inclusive Mobility L\u00edder do Cons\u00f3rcio | CAPGEMINI PORTUGAL, S.A. Descri\u00e7\u00e3o da Agenda | A Route 25 definir\u00e1 o futuro da mobilidade pretendendo \u201cposicionar Portugal na vanguarda das tecnologias de transporte inteligente e inclusivo\u201d. Data de in\u00edcio | 01-10-2022 Data de conclus\u00e3o | 30-09-2025 Investimento | [&hellip;]<\/p>","protected":false},"author":1,"featured_media":0,"parent":0,"menu_order":0,"comment_status":"closed","ping_status":"closed","template":"","meta":[],"acf":[],"_links":{"self":[{"href":"https:\/\/trucks-buses-pt-vt.nors.com\/en\/wp-json\/wp\/v2\/pages\/2225"}],"collection":[{"href":"https:\/\/trucks-buses-pt-vt.nors.com\/en\/wp-json\/wp\/v2\/pages"}],"about":[{"href":"https:\/\/trucks-buses-pt-vt.nors.com\/en\/wp-json\/wp\/v2\/types\/page"}],"author":[{"embeddable":true,"href":"https:\/\/trucks-buses-pt-vt.nors.com\/en\/wp-json\/wp\/v2\/users\/1"}],"replies":[{"embeddable":true,"href":"https:\/\/trucks-buses-pt-vt.nors.com\/en\/wp-json\/wp\/v2\/comments?post=2225"}],"version-history":[{"count":7,"href":"https:\/\/trucks-buses-pt-vt.nors.com\/en\/wp-json\/wp\/v2\/pages\/2225\/revisions"}],"predecessor-version":[{"id":2303,"href":"https:\/\/trucks-buses-pt-vt.nors.com\/en\/wp-json\/wp\/v2\/pages\/2225\/revisions\/2303"}],"wp:attachment":[{"href":"https:\/\/trucks-buses-pt-vt.nors.com\/en\/wp-json\/wp\/v2\/media?parent=2225"}],"curies":[{"name":"wp","href":"https:\/\/api.w.org\/{rel}","templated":true}]}}