{"id":1970,"date":"2024-08-01T17:11:04","date_gmt":"2024-08-01T17:11:04","guid":{"rendered":"https:\/\/trucks-buses-pt.nors.com\/?page_id=1970"},"modified":"2024-08-13T15:37:38","modified_gmt":"2024-08-13T15:37:38","slug":"servicos","status":"publish","type":"page","link":"https:\/\/trucks-buses-pt-vt.nors.com\/en\/rehlko\/servicos\/","title":{"rendered":"Servi\u00e7os"},"content":{"rendered":"<div class=\"wp-block-group is-layout-constrained wp-container-1\">\n<div class=\"wp-block-media-text alignwide is-stacked-on-mobile\"><figure class=\"wp-block-media-text__media\"><img decoding=\"async\" loading=\"lazy\" width=\"1024\" height=\"686\" src=\"https:\/\/trucks-buses-pt-vt.nors.com\/wp-content\/uploads\/2024\/08\/BRAND_TRANSITION_KOHLER_GT6784-2048x1372-1-1024x686.webp\" alt=\"\" class=\"wp-image-1971 size-full\" srcset=\"https:\/\/trucks-buses-pt-vt.nors.com\/wp-content\/uploads\/2024\/08\/BRAND_TRANSITION_KOHLER_GT6784-2048x1372-1-1024x686.webp 1024w, https:\/\/trucks-buses-pt-vt.nors.com\/wp-content\/uploads\/2024\/08\/BRAND_TRANSITION_KOHLER_GT6784-2048x1372-1-300x201.webp 300w, https:\/\/trucks-buses-pt-vt.nors.com\/wp-content\/uploads\/2024\/08\/BRAND_TRANSITION_KOHLER_GT6784-2048x1372-1-768x515.webp 768w, https:\/\/trucks-buses-pt-vt.nors.com\/wp-content\/uploads\/2024\/08\/BRAND_TRANSITION_KOHLER_GT6784-2048x1372-1-1536x1029.webp 1536w, https:\/\/trucks-buses-pt-vt.nors.com\/wp-content\/uploads\/2024\/08\/BRAND_TRANSITION_KOHLER_GT6784-2048x1372-1-18x12.webp 18w, https:\/\/trucks-buses-pt-vt.nors.com\/wp-content\/uploads\/2024\/08\/BRAND_TRANSITION_KOHLER_GT6784-2048x1372-1.webp 2048w\" sizes=\"(max-width: 1024px) 100vw, 1024px\" \/><\/figure><div class=\"wp-block-media-text__content\">\n<h3 class=\"wp-block-heading\" style=\"text-transform:none\">Contratos de Servi\u00e7o<\/h3>\n\n\n\n<p>Os Contratos de Servi\u00e7o s\u00e3o um meio seguro e eficaz de obter o controlo da qualidade do atendimento dos seus equipamentos, com custos pr\u00e9-determinados, reduzindo imprevistos fixos.<\/p>\n\n\n\n<p>Seguro\u2026<\/p>\n\n\n\n<p>O seu equipamento \u00e9 verificado por um t\u00e9cnico de servi\u00e7o qualificado, e todas as pe\u00e7as que precisam de ser substitu\u00eddas ser\u00e3o verificadas, garantindo que o seu equipamento mantenha a mais alta qualidade e disponibilidade.<\/p>\n\n\n\n<p>\u2026 e simples!<\/p>\n\n\n\n<p>A escolha de um contrato de assist\u00eancia facilita o seu neg\u00f3cio. N\u00e3o ser\u00e1 mais necess\u00e1rio escolher uma oficina, decidir o que precisa de ser feito e achar o pre\u00e7o justo. Em vez disso, saiba com anteced\u00eancia exatamente o que est\u00e1 inclu\u00eddo e quanto ter\u00e1 de pagar por m\u00eas.<\/p>\n<\/div><\/div>\n\n\n\n<div class=\"wp-block-media-text alignwide has-media-on-the-right is-stacked-on-mobile\"><div class=\"wp-block-media-text__content\">\n<h3 class=\"wp-block-heading\">Servi\u00e7o Genu\u00edno<\/h3>\n\n\n\n<p>Um fator que muito nos orgulha \u00e9 o n\u00edvel de excel\u00eancia alcan\u00e7ado na nossa Rede Ap\u00f3s-Venda.<\/p>\n\n\n\n<p>\u00c9 a confirma\u00e7\u00e3o do compromisso que a nossa Rede Ap\u00f3s-Venda tem diariamente em elevar o n\u00edvel de servi\u00e7o de forma a alcan\u00e7ar um maior n\u00edvel de satisfa\u00e7\u00e3o dos nossos clientes em tudo o que fazemos \u2013 n\u00e3o s\u00f3 pela forma como tratamos os seus equipamentos, mas tamb\u00e9m pela forma como o tratamos.<\/p>\n\n\n\n<p>Consigo, estamos empenhados em fazer a diferen\u00e7a!<\/p>\n<\/div><figure class=\"wp-block-media-text__media\"><img decoding=\"async\" loading=\"lazy\" width=\"1024\" height=\"683\" src=\"https:\/\/trucks-buses-pt-vt.nors.com\/wp-content\/uploads\/2024\/08\/DSC_8223-scaled-1-1024x683.webp\" alt=\"\" class=\"wp-image-1972 size-full\" srcset=\"https:\/\/trucks-buses-pt-vt.nors.com\/wp-content\/uploads\/2024\/08\/DSC_8223-scaled-1-1024x683.webp 1024w, https:\/\/trucks-buses-pt-vt.nors.com\/wp-content\/uploads\/2024\/08\/DSC_8223-scaled-1-300x200.webp 300w, https:\/\/trucks-buses-pt-vt.nors.com\/wp-content\/uploads\/2024\/08\/DSC_8223-scaled-1-768x512.webp 768w, https:\/\/trucks-buses-pt-vt.nors.com\/wp-content\/uploads\/2024\/08\/DSC_8223-scaled-1-1536x1024.webp 1536w, https:\/\/trucks-buses-pt-vt.nors.com\/wp-content\/uploads\/2024\/08\/DSC_8223-scaled-1-2048x1366.webp 2048w, https:\/\/trucks-buses-pt-vt.nors.com\/wp-content\/uploads\/2024\/08\/DSC_8223-scaled-1-18x12.webp 18w\" sizes=\"(max-width: 1024px) 100vw, 1024px\" \/><\/figure><\/div>\n\n\n\n<div class=\"wp-block-media-text alignwide is-stacked-on-mobile\"><figure class=\"wp-block-media-text__media\"><img decoding=\"async\" loading=\"lazy\" width=\"800\" height=\"532\" src=\"https:\/\/trucks-buses-pt-vt.nors.com\/wp-content\/uploads\/2024\/08\/Direct_service_Card_1.webp\" alt=\"\" class=\"wp-image-1973 size-full\" srcset=\"https:\/\/trucks-buses-pt-vt.nors.com\/wp-content\/uploads\/2024\/08\/Direct_service_Card_1.webp 800w, https:\/\/trucks-buses-pt-vt.nors.com\/wp-content\/uploads\/2024\/08\/Direct_service_Card_1-300x200.webp 300w, https:\/\/trucks-buses-pt-vt.nors.com\/wp-content\/uploads\/2024\/08\/Direct_service_Card_1-768x511.webp 768w, https:\/\/trucks-buses-pt-vt.nors.com\/wp-content\/uploads\/2024\/08\/Direct_service_Card_1-18x12.webp 18w\" sizes=\"(max-width: 800px) 100vw, 800px\" \/><\/figure><div class=\"wp-block-media-text__content\">\n<h3 class=\"wp-block-heading\">Pe\u00e7as Genu\u00ednas<\/h3>\n\n\n\n<p>As Pe\u00e7as Genu\u00ednas s\u00e3o a alternativa mais conveniente e segura para o seu equipamento. Utilizando exatamente as mesmas pe\u00e7as que foram usadas na sua constru\u00e7\u00e3o, garantimos que o seu equipamento continuar\u00e1 a ser uma ferramenta eficiente.<\/p>\n\n\n\n<p>Espere sempre o melhor.<\/p>\n\n\n\n<p>Cada pe\u00e7a genu\u00edna \u00e9 otimizada para garantir um melhor desempenho e repara\u00e7\u00f5es mais eficientes. Como resultado, as Pe\u00e7as Genu\u00ednas s\u00e3o utilizadas em todas as nossas oficinas e fazem parte integrante dos nossos contratos de repara\u00e7\u00e3o e manuten\u00e7\u00e3o preventiva.<\/p>\n<\/div><\/div>\n\n\n\n<div class=\"wp-block-media-text alignwide has-media-on-the-right is-stacked-on-mobile\"><div class=\"wp-block-media-text__content\">\n<h3 class=\"wp-block-heading\">Solu\u00e7\u00f5es Financeiras<\/h3>\n\n\n\n<p>Podemos atender \u00e0s suas necessidades e desenvolver a competitividade da sua empresa. Contacte-nos.<\/p>\n\n\n\n<p>Dispomos de diferentes protocolos de leasing de forma a ir ao encontro das expectativas do seu financiamento.<\/p>\n<\/div><figure class=\"wp-block-media-text__media\"><img decoding=\"async\" loading=\"lazy\" width=\"1024\" height=\"683\" src=\"https:\/\/trucks-buses-pt-vt.nors.com\/wp-content\/uploads\/2024\/08\/DSC_8068-1536x1024-1-1024x683.webp\" alt=\"\" class=\"wp-image-1974 size-full\" srcset=\"https:\/\/trucks-buses-pt-vt.nors.com\/wp-content\/uploads\/2024\/08\/DSC_8068-1536x1024-1-1024x683.webp 1024w, https:\/\/trucks-buses-pt-vt.nors.com\/wp-content\/uploads\/2024\/08\/DSC_8068-1536x1024-1-300x200.webp 300w, https:\/\/trucks-buses-pt-vt.nors.com\/wp-content\/uploads\/2024\/08\/DSC_8068-1536x1024-1-768x512.webp 768w, https:\/\/trucks-buses-pt-vt.nors.com\/wp-content\/uploads\/2024\/08\/DSC_8068-1536x1024-1-18x12.webp 18w, https:\/\/trucks-buses-pt-vt.nors.com\/wp-content\/uploads\/2024\/08\/DSC_8068-1536x1024-1.webp 1536w\" sizes=\"(max-width: 1024px) 100vw, 1024px\" \/><\/figure><\/div>\n<\/div>","protected":false},"excerpt":{"rendered":"<p>Contratos de Servi\u00e7o Os Contratos de Servi\u00e7o s\u00e3o um meio seguro e eficaz de obter o controlo da qualidade do atendimento dos seus equipamentos, com custos pr\u00e9-determinados, reduzindo imprevistos fixos. Seguro\u2026 O seu equipamento \u00e9 verificado por um t\u00e9cnico de servi\u00e7o qualificado, e todas as pe\u00e7as que precisam de ser substitu\u00eddas ser\u00e3o verificadas, garantindo que [&hellip;]<\/p>","protected":false},"author":1,"featured_media":0,"parent":1929,"menu_order":0,"comment_status":"closed","ping_status":"closed","template":"wp-custom-template-geradores","meta":[],"acf":[],"_links":{"self":[{"href":"https:\/\/trucks-buses-pt-vt.nors.com\/en\/wp-json\/wp\/v2\/pages\/1970"}],"collection":[{"href":"https:\/\/trucks-buses-pt-vt.nors.com\/en\/wp-json\/wp\/v2\/pages"}],"about":[{"href":"https:\/\/trucks-buses-pt-vt.nors.com\/en\/wp-json\/wp\/v2\/types\/page"}],"author":[{"embeddable":true,"href":"https:\/\/trucks-buses-pt-vt.nors.com\/en\/wp-json\/wp\/v2\/users\/1"}],"replies":[{"embeddable":true,"href":"https:\/\/trucks-buses-pt-vt.nors.com\/en\/wp-json\/wp\/v2\/comments?post=1970"}],"version-history":[{"count":6,"href":"https:\/\/trucks-buses-pt-vt.nors.com\/en\/wp-json\/wp\/v2\/pages\/1970\/revisions"}],"predecessor-version":[{"id":2247,"href":"https:\/\/trucks-buses-pt-vt.nors.com\/en\/wp-json\/wp\/v2\/pages\/1970\/revisions\/2247"}],"up":[{"embeddable":true,"href":"https:\/\/trucks-buses-pt-vt.nors.com\/en\/wp-json\/wp\/v2\/pages\/1929"}],"wp:attachment":[{"href":"https:\/\/trucks-buses-pt-vt.nors.com\/en\/wp-json\/wp\/v2\/media?parent=1970"}],"curies":[{"name":"wp","href":"https:\/\/api.w.org\/{rel}","templated":true}]}}