{"id":1929,"date":"2024-08-01T16:16:04","date_gmt":"2024-08-01T16:16:04","guid":{"rendered":"https:\/\/trucks-buses-pt.nors.com\/?page_id=1929"},"modified":"2026-02-05T10:24:00","modified_gmt":"2026-02-05T10:24:00","slug":"rehlko","status":"publish","type":"page","link":"https:\/\/trucks-buses-pt-vt.nors.com\/en\/rehlko\/","title":{"rendered":"REHLKO"},"content":{"rendered":"<main class=\"wp-block-group alignfull is-layout-constrained wp-container-12\" style=\"margin-top:0\">\n<div class=\"wp-block-cover alignfull tw-sm-hidden\" style=\"min-height:579px\"><span aria-hidden=\"true\" class=\"wp-block-cover__background has-background-dim-0 has-background-dim\" style=\"background-color:#3a3c3c\"><\/span><img decoding=\"async\" loading=\"lazy\" width=\"2560\" height=\"1707\" sizes=\"(max-width: 799px) 200vw,(max-width: 2560px) 100vw,2560px\" class=\"wp-block-cover__image-background wp-image-1930\" alt=\"\" src=\"https:\/\/trucks-buses-pt-vt.nors.com\/wp-content\/uploads\/2024\/08\/DSC_7813-Modifier-scaled-1.jpg\" data-object-fit=\"cover\" srcset=\"https:\/\/trucks-buses-pt-vt.nors.com\/wp-content\/uploads\/2024\/08\/DSC_7813-Modifier-scaled-1.jpg 2560w, https:\/\/trucks-buses-pt-vt.nors.com\/wp-content\/uploads\/2024\/08\/DSC_7813-Modifier-scaled-1-300x200.jpg 300w, https:\/\/trucks-buses-pt-vt.nors.com\/wp-content\/uploads\/2024\/08\/DSC_7813-Modifier-scaled-1-1024x683.jpg 1024w, https:\/\/trucks-buses-pt-vt.nors.com\/wp-content\/uploads\/2024\/08\/DSC_7813-Modifier-scaled-1-768x512.jpg 768w, https:\/\/trucks-buses-pt-vt.nors.com\/wp-content\/uploads\/2024\/08\/DSC_7813-Modifier-scaled-1-1536x1024.jpg 1536w, https:\/\/trucks-buses-pt-vt.nors.com\/wp-content\/uploads\/2024\/08\/DSC_7813-Modifier-scaled-1-2048x1366.jpg 2048w, https:\/\/trucks-buses-pt-vt.nors.com\/wp-content\/uploads\/2024\/08\/DSC_7813-Modifier-scaled-1-18x12.jpg 18w\" \/><div class=\"wp-block-cover__inner-container\">\n<div class=\"wp-block-group alignwide is-vertical is-layout-flex wp-container-1\">\n<h1 class=\"wp-block-heading alignwide tw-sm-hidden\" style=\"font-size:4.3rem;font-style:normal;font-weight:300\"><strong>Power is What We Do<\/strong><\/h1>\n\n\n\n<p style=\"margin-right:0;margin-left:0;padding-right:0;padding-left:0;font-style:normal;font-weight:300\">Fornecemos solu\u00e7\u00f5es de resili\u00eancia energ\u00e9tica sustent\u00e1vel <br>com a melhor experi\u00eancia do cliente<\/p>\n<\/div>\n<\/div><\/div>\n\n\n\n<div class=\"wp-block-cover alignfull tw-lg-hidden tw-md-hidden\" style=\"min-height:579px\"><span aria-hidden=\"true\" class=\"wp-block-cover__background has-background-dim-0 has-background-dim\" style=\"background-color:#3a3c3c\"><\/span><img decoding=\"async\" loading=\"lazy\" width=\"2560\" height=\"1707\" sizes=\"(max-width: 799px) 200vw,(max-width: 2560px) 100vw,2560px\" class=\"wp-block-cover__image-background wp-image-1930\" alt=\"\" src=\"https:\/\/trucks-buses-pt-vt.nors.com\/wp-content\/uploads\/2024\/08\/DSC_7813-Modifier-scaled-1.jpg\" data-object-fit=\"cover\" srcset=\"https:\/\/trucks-buses-pt-vt.nors.com\/wp-content\/uploads\/2024\/08\/DSC_7813-Modifier-scaled-1.jpg 2560w, https:\/\/trucks-buses-pt-vt.nors.com\/wp-content\/uploads\/2024\/08\/DSC_7813-Modifier-scaled-1-300x200.jpg 300w, https:\/\/trucks-buses-pt-vt.nors.com\/wp-content\/uploads\/2024\/08\/DSC_7813-Modifier-scaled-1-1024x683.jpg 1024w, https:\/\/trucks-buses-pt-vt.nors.com\/wp-content\/uploads\/2024\/08\/DSC_7813-Modifier-scaled-1-768x512.jpg 768w, https:\/\/trucks-buses-pt-vt.nors.com\/wp-content\/uploads\/2024\/08\/DSC_7813-Modifier-scaled-1-1536x1024.jpg 1536w, https:\/\/trucks-buses-pt-vt.nors.com\/wp-content\/uploads\/2024\/08\/DSC_7813-Modifier-scaled-1-2048x1366.jpg 2048w, https:\/\/trucks-buses-pt-vt.nors.com\/wp-content\/uploads\/2024\/08\/DSC_7813-Modifier-scaled-1-18x12.jpg 18w\" \/><div class=\"wp-block-cover__inner-container\">\n<div class=\"wp-block-group alignwide is-vertical is-layout-flex wp-container-2\">\n<h1 class=\"wp-block-heading alignwide tw-lg-hidden\" style=\"font-size:3rem;font-style:normal;font-weight:300;letter-spacing:-2px\"><strong>Power is What We Do<\/strong><\/h1>\n\n\n\n<p class=\"has-small-font-size\" style=\"margin-right:0;margin-left:0;padding-right:0;padding-left:0;font-style:normal;font-weight:300\">Fornecemos solu\u00e7\u00f5es de resili\u00eancia energ\u00e9tica <br>sustent\u00e1vel com a melhor experi\u00eancia do cliente<\/p>\n<\/div>\n<\/div><\/div>\n\n\n\n<div class=\"wp-block-group alignfull has-tertiary-background-color has-background is-layout-constrained wp-container-3\" style=\"margin-top:0;margin-bottom:0;padding-top:var(--wp--preset--spacing--50);padding-right:var(--wp--preset--spacing--60);padding-bottom:var(--wp--preset--spacing--50);padding-left:var(--wp--preset--spacing--50)\">\n<p>Em todo o mundo, desde as plataformas de perfura\u00e7\u00e3o \u201coff shore\u201d at\u00e9 \u00e0s condi\u00e7\u00f5es extremas do deserto, dos estaleiros de constru\u00e7\u00e3o \u00e0s ind\u00fastrias mais exigentes, a fiabilidade e as performances dos seus grupos geradores colocam a\u00a0REHLKO\u00a0nos primeiros lugares dos construtores mundiais.\u00a0A an\u00e1lise das especificidades de cada utiliza\u00e7\u00e3o, aliada \u00e0 inova\u00e7\u00e3o e aos meios de alta tecnologia, permite \u00e0\u00a0REHLKO\u00a0oferecer uma escolha de grupos geradores sem equivalente no mercado, de\u00a01 a 4 500 kVA.<br>A\u00a0<strong>Nors Trucks and Buses Portugal VT<\/strong>\u00a0est\u00e1 associada \u00e0\u00a0REHLKO\u00a0desde 1994, representando-a em territ\u00f3rio nacional, sendo respons\u00e1vel pela sua comercializa\u00e7\u00e3o e respetiva Assist\u00eancia T\u00e9cnica. A <strong>Nors Trucks and Buses Portugal VT<\/strong> conta com uma vasta experi\u00eancia na comercializa\u00e7\u00e3o e assist\u00eancia de grupos geradores\u00a0REHLKO, tendo j\u00e1 instalados e distribu\u00eddos milhares de grupos nas mais variadas aplica\u00e7\u00f5es.<\/p>\n\n\n\n<p class=\"has-text-align-right has-small-font-size\">REHLKO, especialista em todas as gamas.<\/p>\n<\/div>\n\n\n\n<div class=\"wp-block-group alignfull has-background-background-color has-background is-layout-flow\" style=\"margin-top:0;margin-bottom:0;padding-top:var(--wp--preset--spacing--20);padding-right:var(--wp--preset--spacing--50);padding-bottom:var(--wp--preset--spacing--30);padding-left:var(--wp--preset--spacing--50)\">\n<h2 class=\"wp-block-heading has-text-align-center has-accent-color has-text-color has-link-color wp-elements-f9424f411df48b033b5124f077a914f9\" style=\"padding-top:var(--wp--preset--spacing--20);font-style:normal;font-weight:700\">Produtos<\/h2>\n\n\n\n<div style=\"height:60px\" aria-hidden=\"true\" class=\"wp-block-spacer\"><\/div>\n\n\n\n<div class=\"wp-block-cb-carousel\" data-slick=\"{&quot;slidesToShow&quot;:3,&quot;slidesToScroll&quot;:1,&quot;speed&quot;:300,&quot;arrows&quot;:true,&quot;dots&quot;:true,&quot;autoplay&quot;:false,&quot;autoplaySpeed&quot;:3000,&quot;infinite&quot;:false,&quot;responsive&quot;:[{&quot;breakpoint&quot;:769,&quot;settings&quot;:{&quot;slidesToShow&quot;:1,&quot;slidesToScroll&quot;:1}}]}\">\n<div class=\"wp-block-cb-slide\">\n<figure class=\"wp-block-image size-large\"><a href=\"https:\/\/trucks-buses-pt-vt.nors.com\/kohler\/potencia-6-165-kva\/\"><img decoding=\"async\" loading=\"lazy\" width=\"1024\" height=\"679\" src=\"https:\/\/trucks-buses-pt-vt.nors.com\/wp-content\/uploads\/2024\/08\/image-1-1024x679.jpg\" alt=\"\" class=\"wp-image-1949\" srcset=\"https:\/\/trucks-buses-pt-vt.nors.com\/wp-content\/uploads\/2024\/08\/image-1-1024x679.jpg 1024w, https:\/\/trucks-buses-pt-vt.nors.com\/wp-content\/uploads\/2024\/08\/image-1-300x199.jpg 300w, https:\/\/trucks-buses-pt-vt.nors.com\/wp-content\/uploads\/2024\/08\/image-1-768x509.jpg 768w, https:\/\/trucks-buses-pt-vt.nors.com\/wp-content\/uploads\/2024\/08\/image-1-18x12.jpg 18w, https:\/\/trucks-buses-pt-vt.nors.com\/wp-content\/uploads\/2024\/08\/image-1.jpg 1050w\" sizes=\"(max-width: 1024px) 100vw, 1024px\" \/><\/a><\/figure>\n\n\n\n<p class=\"has-text-align-center\">Pot\u00eancia 6 a 165 kVA<\/p>\n<\/div>\n\n\n\n<div class=\"wp-block-cb-slide\">\n<figure class=\"wp-block-image size-large\"><a href=\"https:\/\/trucks-buses-pt-vt.nors.com\/kohler\/potencia-200-a-1000-kva\/\"><img decoding=\"async\" loading=\"lazy\" width=\"1024\" height=\"679\" src=\"https:\/\/trucks-buses-pt-vt.nors.com\/wp-content\/uploads\/2024\/08\/image-1-1-1024x679.jpg\" alt=\"\" class=\"wp-image-1951\" srcset=\"https:\/\/trucks-buses-pt-vt.nors.com\/wp-content\/uploads\/2024\/08\/image-1-1-1024x679.jpg 1024w, https:\/\/trucks-buses-pt-vt.nors.com\/wp-content\/uploads\/2024\/08\/image-1-1-300x199.jpg 300w, https:\/\/trucks-buses-pt-vt.nors.com\/wp-content\/uploads\/2024\/08\/image-1-1-768x509.jpg 768w, https:\/\/trucks-buses-pt-vt.nors.com\/wp-content\/uploads\/2024\/08\/image-1-1-18x12.jpg 18w, https:\/\/trucks-buses-pt-vt.nors.com\/wp-content\/uploads\/2024\/08\/image-1-1.jpg 1050w\" sizes=\"(max-width: 1024px) 100vw, 1024px\" \/><\/a><\/figure>\n\n\n\n<p class=\"has-text-align-center\">Pot\u00eancia 200 a 1000 kVA<\/p>\n<\/div>\n\n\n\n<div class=\"wp-block-cb-slide\">\n<figure class=\"wp-block-image size-large\"><a href=\"https:\/\/trucks-buses-pt-vt.nors.com\/kohler\/potencia-1100-a-4500-kva\/\"><img decoding=\"async\" loading=\"lazy\" width=\"1024\" height=\"679\" src=\"https:\/\/trucks-buses-pt-vt.nors.com\/wp-content\/uploads\/2024\/08\/KD4000-F_NA-00-LargeImage-1024x679.webp\" alt=\"\" class=\"wp-image-2201\" srcset=\"https:\/\/trucks-buses-pt-vt.nors.com\/wp-content\/uploads\/2024\/08\/KD4000-F_NA-00-LargeImage-1024x679.webp 1024w, https:\/\/trucks-buses-pt-vt.nors.com\/wp-content\/uploads\/2024\/08\/KD4000-F_NA-00-LargeImage-300x199.webp 300w, https:\/\/trucks-buses-pt-vt.nors.com\/wp-content\/uploads\/2024\/08\/KD4000-F_NA-00-LargeImage-768x509.webp 768w, https:\/\/trucks-buses-pt-vt.nors.com\/wp-content\/uploads\/2024\/08\/KD4000-F_NA-00-LargeImage-18x12.webp 18w, https:\/\/trucks-buses-pt-vt.nors.com\/wp-content\/uploads\/2024\/08\/KD4000-F_NA-00-LargeImage.webp 1050w\" sizes=\"(max-width: 1024px) 100vw, 1024px\" \/><\/a><\/figure>\n\n\n\n<p class=\"has-text-align-center\">Pot\u00eancia 1100 a 4500 kVA<\/p>\n<\/div>\n<\/div>\n\n\n\n<div style=\"height:60px\" aria-hidden=\"true\" class=\"wp-block-spacer\"><\/div>\n<\/div>\n\n\n\n<div class=\"wp-block-group alignfull has-background-background-color has-background is-layout-flow\">\n<h2 class=\"wp-block-heading has-text-align-center has-accent-color has-text-color has-link-color wp-elements-d846ac4a2740bf5c20aed0e673cd5f0f\" style=\"padding-top:var(--wp--preset--spacing--10);padding-bottom:var(--wp--preset--spacing--10);font-style:normal;font-weight:700\">Destaques<\/h2>\n\n\n\n<div class=\"wp-block-query alignwide is-layout-constrained\"><ul class=\"is-flex-container columns-2 alignwide wp-block-post-template is-layout-flow\"><li class=\"wp-block-post post-1988 post type-post status-publish format-standard has-post-thumbnail hentry category-uncategorized\">\n\n<div class=\"wp-block-columns is-layout-flex wp-container-6\">\n<div class=\"wp-block-column is-style-tw-col-shadow is-layout-flow\" style=\"--col-width:100%;padding-top:var(--wp--preset--spacing--50);padding-right:var(--wp--preset--spacing--50);padding-bottom:var(--wp--preset--spacing--50);padding-left:var(--wp--preset--spacing--50);flex-basis:100%\"><figure style=\"width:100%;height:318px;\" class=\"wp-block-post-featured-image\"><a href=\"https:\/\/trucks-buses-pt-vt.nors.com\/en\/expansao-na-fabrica-de-brest\/\" target=\"_self\"  style=\"height:318px\"><img width=\"2048\" height=\"1536\" src=\"https:\/\/trucks-buses-pt-vt.nors.com\/wp-content\/uploads\/2024\/08\/K2_Extension_2.webp\" class=\"attachment-post-thumbnail size-post-thumbnail wp-post-image\" alt=\"Expans\u00e3o na f\u00e1brica de Brest\" decoding=\"async\" loading=\"lazy\" style=\"height:318px;object-fit:cover;\" srcset=\"https:\/\/trucks-buses-pt-vt.nors.com\/wp-content\/uploads\/2024\/08\/K2_Extension_2.webp 2048w, https:\/\/trucks-buses-pt-vt.nors.com\/wp-content\/uploads\/2024\/08\/K2_Extension_2-300x225.webp 300w, https:\/\/trucks-buses-pt-vt.nors.com\/wp-content\/uploads\/2024\/08\/K2_Extension_2-1024x768.webp 1024w, https:\/\/trucks-buses-pt-vt.nors.com\/wp-content\/uploads\/2024\/08\/K2_Extension_2-768x576.webp 768w, https:\/\/trucks-buses-pt-vt.nors.com\/wp-content\/uploads\/2024\/08\/K2_Extension_2-1536x1152.webp 1536w, https:\/\/trucks-buses-pt-vt.nors.com\/wp-content\/uploads\/2024\/08\/K2_Extension_2-16x12.webp 16w\" sizes=\"(min-width: 1024px) calc(50vw - 60px), (min-width: 640px) calc(50vw - 40px), calc(100vw - 40px)\" \/><\/a><\/figure>\n\n<h2 style=\"color:#2b74b7; font-style:normal;font-weight:600;\" class=\"has-link-color has-text-color wp-block-post-title has-x-large-font-size wp-elements-4bec5ec7b45856848bc342b0be314f97\"><a href=\"https:\/\/trucks-buses-pt-vt.nors.com\/en\/expansao-na-fabrica-de-brest\/\" target=\"_self\" >Expans\u00e3o na f\u00e1brica de Brest<\/a><\/h2>\n\n<div class=\"wp-block-post-excerpt\"><p class=\"wp-block-post-excerpt__excerpt\">Rehlko conclui expans\u00e3o na f\u00e1brica de Brest. Projeto de 3 anos expande as instala\u00e7\u00f5es de produ\u00e7\u00e3o, armazenamento e transporte. No \u00e2mbito do crescimento dos mercados de Data Centers, foi&hellip; <\/p><\/div><\/div>\n<\/div>\n\n<\/li><li class=\"wp-block-post post-1958 post type-post status-publish format-standard has-post-thumbnail hentry category-uncategorized\">\n\n<div class=\"wp-block-columns is-layout-flex wp-container-8\">\n<div class=\"wp-block-column is-style-tw-col-shadow is-layout-flow\" style=\"--col-width:100%;padding-top:var(--wp--preset--spacing--50);padding-right:var(--wp--preset--spacing--50);padding-bottom:var(--wp--preset--spacing--50);padding-left:var(--wp--preset--spacing--50);flex-basis:100%\"><figure style=\"width:100%;height:318px;\" class=\"wp-block-post-featured-image\"><a href=\"https:\/\/trucks-buses-pt-vt.nors.com\/en\/bim-object\/\" target=\"_self\"  style=\"height:318px\"><img width=\"2560\" height=\"1707\" src=\"https:\/\/trucks-buses-pt-vt.nors.com\/wp-content\/uploads\/2024\/08\/DSC_8130-scaled-1.webp\" class=\"attachment-post-thumbnail size-post-thumbnail wp-post-image\" alt=\"BIM Object\" decoding=\"async\" loading=\"lazy\" style=\"height:318px;object-fit:cover;\" srcset=\"https:\/\/trucks-buses-pt-vt.nors.com\/wp-content\/uploads\/2024\/08\/DSC_8130-scaled-1.webp 2560w, https:\/\/trucks-buses-pt-vt.nors.com\/wp-content\/uploads\/2024\/08\/DSC_8130-scaled-1-300x200.webp 300w, https:\/\/trucks-buses-pt-vt.nors.com\/wp-content\/uploads\/2024\/08\/DSC_8130-scaled-1-1024x683.webp 1024w, https:\/\/trucks-buses-pt-vt.nors.com\/wp-content\/uploads\/2024\/08\/DSC_8130-scaled-1-768x512.webp 768w, https:\/\/trucks-buses-pt-vt.nors.com\/wp-content\/uploads\/2024\/08\/DSC_8130-scaled-1-1536x1024.webp 1536w, https:\/\/trucks-buses-pt-vt.nors.com\/wp-content\/uploads\/2024\/08\/DSC_8130-scaled-1-2048x1366.webp 2048w, https:\/\/trucks-buses-pt-vt.nors.com\/wp-content\/uploads\/2024\/08\/DSC_8130-scaled-1-18x12.webp 18w\" sizes=\"(min-width: 1024px) calc(50vw - 60px), (min-width: 640px) calc(50vw - 40px), calc(100vw - 40px)\" \/><\/a><\/figure>\n\n<h2 style=\"color:#2b74b7; font-style:normal;font-weight:600;\" class=\"has-link-color has-text-color wp-block-post-title has-x-large-font-size wp-elements-4bec5ec7b45856848bc342b0be314f97\"><a href=\"https:\/\/trucks-buses-pt-vt.nors.com\/en\/bim-object\/\" target=\"_self\" >BIM Object<\/a><\/h2>\n\n<div class=\"wp-block-post-excerpt\"><p class=\"wp-block-post-excerpt__excerpt\">A Kohler Power Systems aumentou a sua contribui\u00e7\u00e3o no portal BIM Object, ao listar mais de 100 produtos EMEA, incluindo geradores diesel para aplica\u00e7\u00f5es de data center. A BIM&hellip; <\/p><\/div><\/div>\n<\/div>\n\n<\/li><\/ul><\/div>\n<\/div>\n<\/main>","protected":false},"excerpt":{"rendered":"<p>Em todo o mundo, desde as plataformas de perfura\u00e7\u00e3o \u201coff shore\u201d at\u00e9 \u00e0s condi\u00e7\u00f5es extremas do deserto, dos estaleiros de constru\u00e7\u00e3o \u00e0s ind\u00fastrias mais exigentes, a fiabilidade e as performances dos seus grupos geradores colocam a\u00a0REHLKO\u00a0nos primeiros lugares dos construtores mundiais.\u00a0A an\u00e1lise das especificidades de cada utiliza\u00e7\u00e3o, aliada \u00e0 inova\u00e7\u00e3o e aos meios de alta&hellip;<\/p>","protected":false},"author":1,"featured_media":0,"parent":0,"menu_order":0,"comment_status":"closed","ping_status":"closed","template":"wp-custom-template-geradores","meta":[],"acf":[],"_links":{"self":[{"href":"https:\/\/trucks-buses-pt-vt.nors.com\/en\/wp-json\/wp\/v2\/pages\/1929"}],"collection":[{"href":"https:\/\/trucks-buses-pt-vt.nors.com\/en\/wp-json\/wp\/v2\/pages"}],"about":[{"href":"https:\/\/trucks-buses-pt-vt.nors.com\/en\/wp-json\/wp\/v2\/types\/page"}],"author":[{"embeddable":true,"href":"https:\/\/trucks-buses-pt-vt.nors.com\/en\/wp-json\/wp\/v2\/users\/1"}],"replies":[{"embeddable":true,"href":"https:\/\/trucks-buses-pt-vt.nors.com\/en\/wp-json\/wp\/v2\/comments?post=1929"}],"version-history":[{"count":29,"href":"https:\/\/trucks-buses-pt-vt.nors.com\/en\/wp-json\/wp\/v2\/pages\/1929\/revisions"}],"predecessor-version":[{"id":2434,"href":"https:\/\/trucks-buses-pt-vt.nors.com\/en\/wp-json\/wp\/v2\/pages\/1929\/revisions\/2434"}],"wp:attachment":[{"href":"https:\/\/trucks-buses-pt-vt.nors.com\/en\/wp-json\/wp\/v2\/media?parent=1929"}],"curies":[{"name":"wp","href":"https:\/\/api.w.org\/{rel}","templated":true}]}}