{"id":1911,"date":"2024-06-26T08:51:45","date_gmt":"2024-06-26T08:51:45","guid":{"rendered":"https:\/\/trucks-buses-pt.nors.com\/?page_id=1911"},"modified":"2024-06-26T09:18:12","modified_gmt":"2024-06-26T09:18:12","slug":"oportunidades-de-emprego","status":"publish","type":"page","link":"https:\/\/trucks-buses-pt-vt.nors.com\/en\/oportunidades-de-emprego\/","title":{"rendered":"Oportunidades de Emprego"},"content":{"rendered":"<div class=\"wp-block-cover\"><span aria-hidden=\"true\" class=\"wp-block-cover__background has-background-dim-10 has-background-dim\"><\/span><img decoding=\"async\" loading=\"lazy\" width=\"2560\" height=\"1707\" sizes=\"(max-width: 799px) 200vw,(max-width: 2560px) 100vw,2560px\" class=\"wp-block-cover__image-background wp-image-1918\" alt=\"\" src=\"https:\/\/trucks-buses-pt-vt.nors.com\/wp-content\/uploads\/2024\/06\/BB-CC-028-scaled.jpg\" style=\"object-position:45% 53%\" data-object-fit=\"cover\" data-object-position=\"45% 53%\" srcset=\"https:\/\/trucks-buses-pt-vt.nors.com\/wp-content\/uploads\/2024\/06\/BB-CC-028-scaled.jpg 2560w, https:\/\/trucks-buses-pt-vt.nors.com\/wp-content\/uploads\/2024\/06\/BB-CC-028-300x200.jpg 300w, https:\/\/trucks-buses-pt-vt.nors.com\/wp-content\/uploads\/2024\/06\/BB-CC-028-1024x683.jpg 1024w, https:\/\/trucks-buses-pt-vt.nors.com\/wp-content\/uploads\/2024\/06\/BB-CC-028-768x512.jpg 768w, https:\/\/trucks-buses-pt-vt.nors.com\/wp-content\/uploads\/2024\/06\/BB-CC-028-1536x1024.jpg 1536w, https:\/\/trucks-buses-pt-vt.nors.com\/wp-content\/uploads\/2024\/06\/BB-CC-028-2048x1365.jpg 2048w, https:\/\/trucks-buses-pt-vt.nors.com\/wp-content\/uploads\/2024\/06\/BB-CC-028-18x12.jpg 18w\" \/><div class=\"wp-block-cover__inner-container\">\n<p class=\"has-text-align-center has-large-font-size\"><\/p>\n<\/div><\/div>\n\n\n\n<div class=\"wp-block-group is-layout-constrained\">\n<div style=\"height:50px\" aria-hidden=\"true\" class=\"wp-block-spacer\"><\/div>\n\n\n\n<h2 class=\"wp-block-heading\">Oportunidades de Emprego<\/h2>\n\n\n<div ><style>#sp-ea-1912 .spcollapsing { height: 0; overflow: hidden; transition-property: height;transition-duration: 300ms;}#sp-ea-1912.sp-easy-accordion>.sp-ea-single {border: 1px solid #e2e2e2; }#sp-ea-1912.sp-easy-accordion>.sp-ea-single>.ea-header a {color: #444;}#sp-ea-1912.sp-easy-accordion>.sp-ea-single>.sp-collapse>.ea-body {background: #fff; color: #444;}#sp-ea-1912.sp-easy-accordion>.sp-ea-single {background: #eee;}#sp-ea-1912.sp-easy-accordion>.sp-ea-single>.ea-header a .ea-expand-icon.fa { float: right; color: #444;font-size: 16px;}#sp-ea-1912.sp-easy-accordion>.sp-ea-single>.ea-header a .ea-expand-icon.fa {margin-right: 0;}<\/style><div id=\"sp-ea-1912\" class=\"sp-ea-one sp-easy-accordion\" data-ex-icon=\"fa-minus\" data-col-icon=\"fa-plus\"  data-ea-active=\"ea-click\"  data-ea-mode=\"vertical\" data-preloader=\"\" data-scroll-active-item=\"\" data-offset-to-scroll=\"0\"><div class=\"ea-card  sp-ea-single\"><h3 class=\"ea-header\"><a class=\"collapsed\" data-sptoggle=\"spcollapse\" data-sptarget=\"#collapse19120\" href=\"javascript:void(0)\"  aria-expanded=\"false\"><i class=\"ea-expand-icon fa fa-plus\"><\/i>  Mec\u00e2nico de Pesados &#8211; Set\u00fabal<\/a><\/h3><div class=\"sp-collapse spcollapse spcollapse\" id=\"collapse19120\" data-parent=\"#sp-ea-1912\"><div class=\"ea-body\"><p>Estamos \u00e0 procura de um\u00a0<strong>Mec\u00e2nico de Pesados &#8211; Set\u00fabal<\/strong>\u00a0, para integrar a equipa de Trucks and Buses, Volvo Trucks, em Set\u00fabal.<\/p>\n<div>\n<div>\n<div>\n<h2><b>Qual \u00e9 o desafio?<\/b><\/h2>\n<\/div>\n<div>\n<ul>\n<li>Realizar o diagn\u00f3stico e efetuar repara\u00e7\u00f5es de acordo com a literatura t\u00e9cnica.<\/li>\n<\/ul>\n<\/div>\n<\/div>\n<div>\n<div>\n<h2><b>O que esperamos de ti?<\/b><\/h2>\n<\/div>\n<div>\n<ul>\n<li>Forma\u00e7\u00e3o na \u00e1rea da Mecatr\u00f3nica ou Mec\u00e2nica Autom\u00f3vel;<\/li>\n<li>Experi\u00eancia s\u00f3lida em fun\u00e7\u00f5es semelhantes;<\/li>\n<li>Interesse e gosto pelo setor dos ve\u00edculos pesados;<\/li>\n<li>Capacidade de organiza\u00e7\u00e3o e de trabalho em equipa;<\/li>\n<li>Conhecimentos de inform\u00e1tica (\u00f3tica do utilizador).<\/li>\n<\/ul>\n<\/div>\n<\/div>\n<div>\n<div>\n<h2><b>O que vais encontrar?<\/b><\/h2>\n<\/div>\n<div>\n<ul>\n<li>Integra\u00e7\u00e3o num grupo s\u00f3lido, com presen\u00e7a global;<\/li>\n<li>Oportunidades de desenvolvimento cont\u00ednuo e progress\u00e3o na carreira;<\/li>\n<li>Ambiente colaborativo, din\u00e2mico e pr\u00f3ximo;<\/li>\n<li>Acesso a forma\u00e7\u00e3o t\u00e9cnica e comportamental cont\u00ednua;<\/li>\n<li>Benef\u00edcios como seguro de sa\u00fade, seguro de vida, e condi\u00e7\u00f5es especiais junto de parceiros;<\/li>\n<li>Dia de anivers\u00e1rio.<\/li>\n<\/ul>\n<\/div>\n<\/div>\n<\/div>\n<div class=\"button\" style=\"padding: 10px; color: #fff; background: #666; width: 130px; border-radius: 10px; text-align: center;\"><a href=\"https:\/\/jobs.nors.com\/job\/Mec%C3%A2nico-de-Pesados-Set%C3%BAbal\/1328505957\/\" target=\"_blank\" rel=\"noopener\">Candidatura<\/a><\/div>\n<\/div><\/div><\/div><div class=\"ea-card  sp-ea-single\"><h3 class=\"ea-header\"><a class=\"collapsed\" data-sptoggle=\"spcollapse\" data-sptarget=\"#collapse19121\" href=\"javascript:void(0)\"  aria-expanded=\"false\"><i class=\"ea-expand-icon fa fa-plus\"><\/i> Motorista de Pesados &#8211; S\u00e3o Jo\u00e3o da Talha<\/a><\/h3><div class=\"sp-collapse spcollapse spcollapse\" id=\"collapse19121\" data-parent=\"#sp-ea-1912\"><div class=\"ea-body\"><p>Estamos \u00e0 procura de um\u00a0<strong>Motorista de Pesados &#8211; S\u00e3o Jo\u00e3o da Talha<\/strong>\u00a0, para integrar a equipa de Trucks and Buses &#8211; Volvo Trucks, em S\u00e3o Jo\u00e3o da Talha.<\/p>\n<p>&nbsp;<\/p>\n<div>\n<div>\n<h2><b>Qual \u00e9 o desafio?<\/b><\/h2>\n<\/div>\n<div>\n<p>Contamos com a tua candidatura para:<\/p>\n<ul>\n<li>Entregar e recolher viaturas no exterior e em parque a n\u00edvel nacional;<\/li>\n<li>Rececionar viaturas e efetuar o preenchimento da\u00a0<em>check list<\/em>;<\/li>\n<li>Ministrar a\u00e7\u00f5es de forma\u00e7\u00e3o t\u00e9orica e pr\u00e1tica a motoristas de clientes;<\/li>\n<li>Acompanhar motoristas de clientes em opera\u00e7\u00e3o real;<\/li>\n<li>Participar em demonstra\u00e7\u00f5es de ve\u00edculos pesados;<\/li>\n<li>Promover um atendimento personalizado a clientes.<\/li>\n<\/ul>\n<\/div>\n<\/div>\n<div>\n<div>\n<h2><b>O que esperamos de ti?<\/b><\/h2>\n<\/div>\n<div>\n<ul>\n<li>Habilita\u00e7\u00f5es m\u00ednimas ao n\u00edvel do 12\u00ba ano de escolaridade;<\/li>\n<li>Carta de Condu\u00e7\u00e3o das Categorias B, C, C+E (eliminat\u00f3rio);<\/li>\n<li>Carta de Condu\u00e7\u00e3o das Categorias D e D+E (preferencial);<\/li>\n<li>Experi\u00eancia na condu\u00e7\u00e3o de ve\u00edculos pesados (eliminat\u00f3rio);<\/li>\n<li>Forte sentido de responsabilidade;<\/li>\n<li>Orienta\u00e7\u00e3o para o cliente;<\/li>\n<li>Facilidade de comunica\u00e7\u00e3o e de relacionamento interpessoal;<\/li>\n<li>Flexibilidade de hor\u00e1rios.<\/li>\n<\/ul>\n<\/div>\n<\/div>\n<div>\n<div>\n<h2><b>O que vais encontrar?<\/b><\/h2>\n<\/div>\n<div>\n<ul>\n<li>Integra\u00e7\u00e3o num grupo s\u00f3lido, com presen\u00e7a global;<\/li>\n<li>Oportunidades de desenvolvimento cont\u00ednuo e progress\u00e3o na carreira;<\/li>\n<li>Ambiente colaborativo, din\u00e2mico e pr\u00f3ximo;<\/li>\n<li>Acesso a forma\u00e7\u00e3o t\u00e9cnica e comportamental cont\u00ednua;<\/li>\n<li>Benef\u00edcios como seguro de sa\u00fade, seguro de vida, e condi\u00e7\u00f5es especiais junto de parceiros;<\/li>\n<li>Dia de anivers\u00e1rio.<\/li>\n<\/ul>\n<\/div>\n<\/div>\n<div class=\"button\" style=\"padding: 10px; color: #fff; background: #666; width: 130px; border-radius: 10px; text-align: center;\"><a href=\"https:\/\/jobs.nors.com\/job\/Sacav%C3%A9m-Motorista-de-Pesados-S%C3%A3o-Jo%C3%A3o-da-Talha\/1349383857\/\" target=\"_blank\" rel=\"noopener\">Candidatura<\/a><\/div>\n<\/div><\/div><\/div><div class=\"ea-card  sp-ea-single\"><h3 class=\"ea-header\"><a class=\"collapsed\" data-sptoggle=\"spcollapse\" data-sptarget=\"#collapse19122\" href=\"javascript:void(0)\"  aria-expanded=\"false\"><i class=\"ea-expand-icon fa fa-plus\"><\/i> Chapeiro (ve\u00edculos pesados) &#8211; S\u00e3o Jo\u00e3o da Talha<\/a><\/h3><div class=\"sp-collapse spcollapse spcollapse\" id=\"collapse19122\" data-parent=\"#sp-ea-1912\"><div class=\"ea-body\"><div class=\"job\">\n<p>Estamos \u00e0 procura de um\u00a0<strong>Chapeiro (ve\u00edculos pesados) &#8211; S\u00e3o Jo\u00e3o da Talha<\/strong>\u00a0, para integrar a equipa de Trucks and Buses &#8211; Volvo Trucks, em S\u00e3o Jo\u00e3o da Talha.<\/p>\n<div>\n<div>\n<div>\n<h2><b>Qual \u00e9 o desafio?<\/b><\/h2>\n<\/div>\n<div>\n<p>Contamos com a tua candidatura para:<\/p>\n<ul>\n<li>Executar fun\u00e7\u00f5es de chaparia em ve\u00edculos pesados;<\/li>\n<li>Garantir a qualidade dos trabalhos executados;<\/li>\n<li>Manuten\u00e7\u00e3o e organiza\u00e7\u00e3o do posto de trabalho, ferramentas e componentes.<\/li>\n<\/ul>\n<\/div>\n<\/div>\n<div>\n<div>\n<h2><b>O que esperamos de ti?<\/b><\/h2>\n<\/div>\n<div>\n<ul>\n<li>Forma\u00e7\u00e3o profissional adequada;<\/li>\n<li>Experi\u00eancia em fun\u00e7\u00f5es de chaparia;<\/li>\n<li>Capacidade de organiza\u00e7\u00e3o e de trabalho em equipa;<\/li>\n<li>Sentido de responsabilidade;<\/li>\n<li>Sensibilidade para temas de Qualidade, Ambiente e Seguran\u00e7a.<\/li>\n<\/ul>\n<\/div>\n<\/div>\n<div>\n<div>\n<h2><b>O que vai encontrar?<\/b><\/h2>\n<\/div>\n<div>\n<ul>\n<li>Integra\u00e7\u00e3o num grupo s\u00f3lido, com presen\u00e7a global;<\/li>\n<li>Oportunidades de desenvolvimento cont\u00ednuo e progress\u00e3o na carreira;<\/li>\n<li>Ambiente colaborativo, din\u00e2mico e pr\u00f3ximo;<\/li>\n<li>Acesso a forma\u00e7\u00e3o t\u00e9cnica e comportamental cont\u00ednua;<\/li>\n<li>Benef\u00edcios como seguro de sa\u00fade, seguro de vida, e condi\u00e7\u00f5es especiais junto de parceiros;<\/li>\n<li>Dia de anivers\u00e1rio.<\/li>\n<\/ul>\n<\/div>\n<\/div>\n<\/div>\n<\/div>\n<div class=\"button\" style=\"padding: 10px; color: #fff; background: #666; width: 130px; border-radius: 10px; text-align: center;\"><a href=\"https:\/\/jobs.nors.com\/job\/Chapeiro-%28ve%C3%ADculos-pesados%29-S%C3%A3o-Jo%C3%A3o-da-Talha\/1349207957\/\" target=\"_blank\" rel=\"noopener\">Candidatura<\/a><\/div>\n<\/div><\/div><\/div><div class=\"ea-card  sp-ea-single\"><h3 class=\"ea-header\"><a class=\"collapsed\" data-sptoggle=\"spcollapse\" data-sptarget=\"#collapse19123\" href=\"javascript:void(0)\"  aria-expanded=\"false\"><i class=\"ea-expand-icon fa fa-plus\"><\/i> Mec\u00e2nico de Pesados &#8211; S\u00e3o Jo\u00e3o da Talha<\/a><\/h3><div class=\"sp-collapse spcollapse spcollapse\" id=\"collapse19123\" data-parent=\"#sp-ea-1912\"><div class=\"ea-body\"><p>Estamos \u00e0 procura de um\u00a0<strong>Mec\u00e2nico de Pesados &#8211; S\u00e3o Jo\u00e3o da Talha<\/strong>\u00a0, para integrar a equipa de Trucks and Buses, em S\u00e3o Jo\u00e3o da Talha.<\/p>\n<div>\n<div>\n<div>\n<h2><b>Qual \u00e9 o desafio?<\/b><\/h2>\n<\/div>\n<div>\n<p>Contamos com a tua candidatura para:<\/p>\n<ul>\n<li>Realizar o diagn\u00f3stico e efetuar repara\u00e7\u00f5es de acordo com a literatura t\u00e9cnica.<\/li>\n<\/ul>\n<\/div>\n<\/div>\n<div>\n<div>\n<h2><b>O que esperamos de ti?<\/b><\/h2>\n<\/div>\n<div>\n<ul>\n<li>Forma\u00e7\u00e3o na \u00e1rea da Mecatr\u00f3nica ou Mec\u00e2nica Autom\u00f3vel;<\/li>\n<li>Experi\u00eancia s\u00f3lida em fun\u00e7\u00f5es semelhantes;<\/li>\n<li>Interesse e gosto pelo setor dos ve\u00edculos pesados;<\/li>\n<li>Capacidade de organiza\u00e7\u00e3o e de trabalho em equipa;<\/li>\n<li>Conhecimentos de inform\u00e1tica (\u00f3tica do utilizador).<\/li>\n<\/ul>\n<\/div>\n<\/div>\n<div>\n<div>\n<h2><b>O que vai encontrar?<\/b><\/h2>\n<\/div>\n<div>\n<ul>\n<li>Integra\u00e7\u00e3o num grupo s\u00f3lido, com presen\u00e7a global;<\/li>\n<li>Oportunidades de desenvolvimento cont\u00ednuo e progress\u00e3o na carreira;<\/li>\n<li>Ambiente colaborativo, din\u00e2mico e pr\u00f3ximo;<\/li>\n<li>Acesso a forma\u00e7\u00e3o t\u00e9cnica e comportamental cont\u00ednua;<\/li>\n<li>Benef\u00edcios como seguro de sa\u00fade, seguro de vida, e condi\u00e7\u00f5es especiais junto de parceiros;<\/li>\n<li>Dia de anivers\u00e1rio.<\/li>\n<\/ul>\n<\/div>\n<\/div>\n<\/div>\n<div class=\"button\" style=\"padding: 10px; color: #fff; background: #666; width: 130px; border-radius: 10px; text-align: center;\"><a href=\"https:\/\/jobs.nors.com\/job\/Mec%C3%A2nico-de-Pesados-S%C3%A3o-Jo%C3%A3o-da-Talha\/1349206957\/\" target=\"_blank\" rel=\"noopener\">Candidatura<\/a><\/div>\n<\/div><\/div><\/div><div class=\"ea-card  sp-ea-single\"><h3 class=\"ea-header\"><a class=\"collapsed\" data-sptoggle=\"spcollapse\" data-sptarget=\"#collapse19124\" href=\"javascript:void(0)\"  aria-expanded=\"false\"><i class=\"ea-expand-icon fa fa-plus\"><\/i> Eletricista Auto &#8211; Santar\u00e9m<\/a><\/h3><div class=\"sp-collapse spcollapse spcollapse\" id=\"collapse19124\" data-parent=\"#sp-ea-1912\"><div class=\"ea-body\"><p>Estamos \u00e0 procura de um\u00a0<strong>Eletricista Auto &#8211; Santar\u00e9m<\/strong>\u00a0, para integrar a equipa de Trucks and Buses &#8211; Volvo Trucks, em Santar\u00e9m.<\/p>\n<div>\n<div>\n<div>\n<h2><b>Qual \u00e9 o desafio?<\/b><\/h2>\n<\/div>\n<div>\n<p>Contamos com a tua candidatura para:<\/p>\n<ul>\n<li>Realizar o diagn\u00f3stico e efetuar repara\u00e7\u00f5es de sistemas el\u00e9tricos de acordo com a literatura t\u00e9cnica e utilizando as ferramentas de diagn\u00f3stico el\u00e9trico;<\/li>\n<li>Fazer a leitura e interpreta\u00e7\u00e3o de esquemas el\u00e9tricos;<\/li>\n<li>Garantir a manuten\u00e7\u00e3o preventiva, nomeadamente, inspe\u00e7\u00e3o regular dos circuitos el\u00e9tricos para garantir o bom funcionamento, assim como, substitui\u00e7\u00e3o de cablagens danificadas ou componentes desgastados.<\/li>\n<\/ul>\n<\/div>\n<\/div>\n<div>\n<div>\n<h2><b>O que esperamos de ti?<\/b><\/h2>\n<\/div>\n<div>\n<ul>\n<li>Forma\u00e7\u00e3o na \u00e1rea da Mecatr\u00f3nica ou Eletricidade;<\/li>\n<li>Experi\u00eancia em fun\u00e7\u00f5es semelhantes; Interesse e gosto pelo setor de ve\u00edculos pesados;<\/li>\n<li>Capacidade de organiza\u00e7\u00e3o e de trabalho em equipa;<\/li>\n<li>Conhecimentos de inform\u00e1tica (\u00f3tica do utilizador).<\/li>\n<\/ul>\n<\/div>\n<\/div>\n<div>\n<div>\n<h2><b>O que vais encontrar?<\/b><\/h2>\n<\/div>\n<div>\n<ul>\n<li>Integra\u00e7\u00e3o num grupo s\u00f3lido, com presen\u00e7a global;<\/li>\n<li>Oportunidades de desenvolvimento cont\u00ednuo e progress\u00e3o na carreira;<\/li>\n<li>Ambiente colaborativo, din\u00e2mico e pr\u00f3ximo;<\/li>\n<li>Acesso a forma\u00e7\u00e3o t\u00e9cnica e comportamental cont\u00ednua;<\/li>\n<li>Benef\u00edcios como seguro de sa\u00fade, seguro de vida, e condi\u00e7\u00f5es especiais junto de parceiros;<\/li>\n<li>Dia de anivers\u00e1rio.<\/li>\n<\/ul>\n<\/div>\n<\/div>\n<\/div>\n<div class=\"button\" style=\"padding: 10px; color: #fff; background: #666; width: 130px; border-radius: 10px; text-align: center;\"><a href=\"https:\/\/jobs.nors.com\/job\/Eletricista-Auto-Santar%C3%A9m\/1332906057\/\" target=\"_blank\" rel=\"noopener\">Candidatura<\/a><\/div>\n<\/div><\/div><\/div><div class=\"ea-card  sp-ea-single\"><h3 class=\"ea-header\"><a class=\"collapsed\" data-sptoggle=\"spcollapse\" data-sptarget=\"#collapse19125\" href=\"javascript:void(0)\"  aria-expanded=\"false\"><i class=\"ea-expand-icon fa fa-plus\"><\/i>  Mec\u00e2nico &#8211; Equipamentos Industriais &#8211; S\u00e3o Jo\u00e3o da Talha<\/a><\/h3><div class=\"sp-collapse spcollapse spcollapse\" id=\"collapse19125\" data-parent=\"#sp-ea-1912\"><div class=\"ea-body\"><p>Estamos \u00e0 procura de um\u00a0<strong>Mec\u00e2nico &#8211; Equipamentos Industriais &#8211; S\u00e3o Jo\u00e3o da Talha<\/strong>\u00a0, para integrar a equipa de Trucks and Buses &#8211; Volvo Trucks, em S\u00e3o Jo\u00e3o da Talha.<\/p>\n<div>\n<div>\n<div>\n<h2><b>Qual \u00e9 o desafio?<\/b><\/h2>\n<\/div>\n<div>\n<p>Contamos com a tua candidatura para:<\/p>\n<ul>\n<li>Realizar o diagn\u00f3stico e efetuar repara\u00e7\u00f5es em geradores, motores e m\u00e1quinas industriais, de acordo com as diretrizes\u00a0t\u00e9cnicas.<\/li>\n<\/ul>\n<\/div>\n<\/div>\n<div>\n<div>\n<h2><b>O que esperamos de ti?<\/b><\/h2>\n<\/div>\n<div>\n<ul>\n<li>Forma\u00e7\u00e3o na \u00e1rea da Mecatr\u00f3nica ou Eletricidade;<\/li>\n<li>Experi\u00eancia em fun\u00e7\u00f5es similares, nomeadamente, repara\u00e7\u00f5es de geradores, motores e m\u00e1quinas industriais;<\/li>\n<li>Carta de condu\u00e7\u00e3o e disponibilidade para desloca\u00e7\u00f5es frequentes;<\/li>\n<li>Capacidade de organiza\u00e7\u00e3o e de trabalho em equipa;<\/li>\n<li>Conhecimentos de inform\u00e1tica (\u00f3tica do utilizador).<\/li>\n<\/ul>\n<\/div>\n<\/div>\n<div>\n<div>\n<h2><b>O que vais encontrar?<\/b><\/h2>\n<\/div>\n<div>\n<ul>\n<li>Integra\u00e7\u00e3o num grupo s\u00f3lido, com presen\u00e7a global;<\/li>\n<li>Projetos desafiantes com impacto internacional;<\/li>\n<li>Oportunidades de desenvolvimento cont\u00ednuo e progress\u00e3o na carreira;<\/li>\n<li>Ambiente colaborativo, din\u00e2mico e pr\u00f3ximo;<\/li>\n<li>Acesso a forma\u00e7\u00e3o t\u00e9cnica e comportamental cont\u00ednua;<\/li>\n<li>Benef\u00edcios como seguro de sa\u00fade, seguro de vida, e condi\u00e7\u00f5es especiais junto de parceiros<\/li>\n<li>Dia de anivers\u00e1rio.<\/li>\n<\/ul>\n<\/div>\n<\/div>\n<\/div>\n<div class=\"button\" style=\"padding: 10px; color: #fff; background: #666; width: 130px; border-radius: 10px; text-align: center;\"><a href=\"https:\/\/jobs.nors.com\/job\/Mec%C3%A2nico-Equipamentos-Industriais-S%C3%A3o-Jo%C3%A3o-da-Talha\/1332351357\/\" target=\"_blank\" rel=\"noopener\">Candidatura<\/a><\/div>\n<\/div><\/div><\/div><div class=\"ea-card  sp-ea-single\"><h3 class=\"ea-header\"><a class=\"collapsed\" data-sptoggle=\"spcollapse\" data-sptarget=\"#collapse19126\" href=\"javascript:void(0)\"  aria-expanded=\"false\"><i class=\"ea-expand-icon fa fa-plus\"><\/i> Mec\u00e2nico de Pesados &#8211; Santar\u00e9m<\/a><\/h3><div class=\"sp-collapse spcollapse spcollapse\" id=\"collapse19126\" data-parent=\"#sp-ea-1912\"><div class=\"ea-body\"><p>Estamos \u00e0 procura de um\u00a0<strong>Mec\u00e2nico de Pesados &#8211; Santar\u00e9m<\/strong>\u00a0, para integrar a equipa de Trucks and Buses &#8211; Volvo Trucks, em Santar\u00e9m.<\/p>\n<div>\n<div>\n<div>\n<h2><b>Qual \u00e9 o desafio?<\/b><\/h2>\n<\/div>\n<div>\n<ul>\n<li>Realizar o diagn\u00f3stico e efetuar repara\u00e7\u00f5es de acordo com a literatura t\u00e9cnica.<\/li>\n<\/ul>\n<\/div>\n<\/div>\n<div>\n<div>\n<h2><b>O que esperamos de ti?<\/b><\/h2>\n<\/div>\n<div>\n<ul>\n<li>Forma\u00e7\u00e3o na \u00e1rea da Mecatr\u00f3nica ou Mec\u00e2nica Autom\u00f3vel;<\/li>\n<li>Experi\u00eancia s\u00f3lida em fun\u00e7\u00f5es semelhantes;<\/li>\n<li>Interesse e gosto pelo setor dos ve\u00edculos pesados;<\/li>\n<li>Capacidade de organiza\u00e7\u00e3o e de trabalho em equipa;<\/li>\n<li>Conhecimentos de inform\u00e1tica (\u00f3tica do utilizador).<\/li>\n<\/ul>\n<\/div>\n<\/div>\n<div>\n<div>\n<h2><b>O que vais encontrar?<\/b><\/h2>\n<\/div>\n<div>\n<ul>\n<li>Integra\u00e7\u00e3o num grupo s\u00f3lido, com presen\u00e7a global;<\/li>\n<li>Oportunidades de desenvolvimento cont\u00ednuo e progress\u00e3o na carreira;<\/li>\n<li>Ambiente colaborativo, din\u00e2mico e pr\u00f3ximo;<\/li>\n<li>Acesso a forma\u00e7\u00e3o t\u00e9cnica e comportamental cont\u00ednua;<\/li>\n<li>Benef\u00edcios como seguro de sa\u00fade, seguro de vida, e condi\u00e7\u00f5es especiais junto de parceiros;<\/li>\n<li>Dia de anivers\u00e1rio.<\/li>\n<\/ul>\n<\/div>\n<\/div>\n<\/div>\n<div class=\"button\" style=\"padding: 10px; color: #fff; background: #666; width: 130px; border-radius: 10px; text-align: center;\"><a href=\"https:\/\/jobs.nors.com\/job\/Mec%C3%A2nico-de-Pesados-Santar%C3%A9m\/1332355957\/\" target=\"_blank\" rel=\"noopener\">Candidatura<\/a><\/div>\n<\/div><\/div><\/div><div class=\"ea-card  sp-ea-single\"><h3 class=\"ea-header\"><a class=\"collapsed\" data-sptoggle=\"spcollapse\" data-sptarget=\"#collapse19127\" href=\"javascript:void(0)\"  aria-expanded=\"false\"><i class=\"ea-expand-icon fa fa-plus\"><\/i>  Mec\u00e2nico de Pesados &#8211; Maia<\/a><\/h3><div class=\"sp-collapse spcollapse spcollapse\" id=\"collapse19127\" data-parent=\"#sp-ea-1912\"><div class=\"ea-body\"><p>Estamos \u00e0 procura de um\u00a0<strong>Mec\u00e2nico de Pesados &#8211; Maia<\/strong>\u00a0, para integrar a equipa de Trucks and Buses &#8211; Volvo Trucks, na Maia.<\/p>\n<div>\n<div>\n<div>\n<h2><b>Qual \u00e9 o desafio?<\/b><\/h2>\n<\/div>\n<div>\n<p>Contamos contigo para:<\/p>\n<ul>\n<li>Realiza\u00e7\u00e3o de diagn\u00f3sticos, assim como, repara\u00e7\u00f5es de ve\u00edculos pesados de acordo com a literatura t\u00e9cnica.<\/li>\n<\/ul>\n<\/div>\n<\/div>\n<div>\n<div>\n<h2><b>O que esperamos de ti?<\/b><\/h2>\n<\/div>\n<div>\n<ul>\n<li>Forma\u00e7\u00e3o na \u00e1rea da Mecatr\u00f3nica;<\/li>\n<li>Experi\u00eancia em fun\u00e7\u00f5es semelhantes;<\/li>\n<li>Capacidade de organiza\u00e7\u00e3o e de trabalho em equipa;<\/li>\n<li>Conhecimentos de inform\u00e1tica (\u00f3tica do utilizador).<\/li>\n<\/ul>\n<\/div>\n<\/div>\n<div>\n<div>\n<h2><b>O que vai encontrar?<\/b><\/h2>\n<\/div>\n<div>\n<ul>\n<li>Integra\u00e7\u00e3o num grupo s\u00f3lido, com presen\u00e7a global;<\/li>\n<li>Projetos desafiantes com impacto internacional;<\/li>\n<li>Oportunidades de desenvolvimento cont\u00ednuo e progress\u00e3o na carreira;<\/li>\n<li>Ambiente colaborativo, din\u00e2mico e pr\u00f3ximo;<\/li>\n<li>Acesso a forma\u00e7\u00e3o t\u00e9cnica e comportamental cont\u00ednua;<\/li>\n<li>Benef\u00edcios como seguro de sa\u00fade, seguro de vida, e condi\u00e7\u00f5es especiais junto de parceiros<\/li>\n<li>Dia de anivers\u00e1rio.<\/li>\n<\/ul>\n<\/div>\n<\/div>\n<\/div>\n<div class=\"button\" style=\"padding: 10px; color: #fff; background: #666; width: 130px; border-radius: 10px; text-align: center;\"><a href=\"https:\/\/jobs.nors.com\/job\/Mec%C3%A2nico-de-Pesados-Maia\/1332172957\/\" target=\"_blank\" rel=\"noopener\">Candidatura<\/a><\/div>\n<\/div><\/div><\/div><\/div><\/div><\/div>","protected":false},"excerpt":{"rendered":"<p>Oportunidades de Emprego<\/p>","protected":false},"author":1,"featured_media":0,"parent":0,"menu_order":0,"comment_status":"closed","ping_status":"closed","template":"","meta":[],"acf":[],"_links":{"self":[{"href":"https:\/\/trucks-buses-pt-vt.nors.com\/en\/wp-json\/wp\/v2\/pages\/1911"}],"collection":[{"href":"https:\/\/trucks-buses-pt-vt.nors.com\/en\/wp-json\/wp\/v2\/pages"}],"about":[{"href":"https:\/\/trucks-buses-pt-vt.nors.com\/en\/wp-json\/wp\/v2\/types\/page"}],"author":[{"embeddable":true,"href":"https:\/\/trucks-buses-pt-vt.nors.com\/en\/wp-json\/wp\/v2\/users\/1"}],"replies":[{"embeddable":true,"href":"https:\/\/trucks-buses-pt-vt.nors.com\/en\/wp-json\/wp\/v2\/comments?post=1911"}],"version-history":[{"count":6,"href":"https:\/\/trucks-buses-pt-vt.nors.com\/en\/wp-json\/wp\/v2\/pages\/1911\/revisions"}],"predecessor-version":[{"id":1920,"href":"https:\/\/trucks-buses-pt-vt.nors.com\/en\/wp-json\/wp\/v2\/pages\/1911\/revisions\/1920"}],"wp:attachment":[{"href":"https:\/\/trucks-buses-pt-vt.nors.com\/en\/wp-json\/wp\/v2\/media?parent=1911"}],"curies":[{"name":"wp","href":"https:\/\/api.w.org\/{rel}","templated":true}]}}