{"id":1630,"date":"2022-07-26T11:58:44","date_gmt":"2022-07-26T11:58:44","guid":{"rendered":"http:\/\/srv8156.nors.pt\/?page_id=1630"},"modified":"2025-01-02T16:35:04","modified_gmt":"2025-01-02T16:35:04","slug":"termos-e-condicoes","status":"publish","type":"page","link":"https:\/\/trucks-buses-pt-vt.nors.com\/en\/termos-e-condicoes\/","title":{"rendered":"Terms and Conditions"},"content":{"rendered":"<div style=\"height:100px\" aria-hidden=\"true\" class=\"wp-block-spacer\"><\/div>\n\n\n\n<div class=\"wp-block-group alignwide is-layout-constrained wp-container-1\">\n<h2 class=\"wp-block-heading has-text-align-center\">Terms and Conditions of Use of the website<\/h2>\n\n\n\n<h2 class=\"wp-block-heading has-text-align-center\"><strong>Nors VT Trucks and Buses Portugal S.A.<\/strong><\/h2>\n\n\n\n<p>1.&nbsp;<strong>Preamble<\/strong><\/p>\n\n\n\n<p>O website da\u00a0<strong><strong>Nors VT Trucks and Buses Portugal S.A.<\/strong><\/strong>,<strong>\u00a0<\/strong>sociedade an\u00f3nima,<strong>\u00a0<\/strong>com\u00a0sede na Rua Manuel Pinto de Azevedo, 711 \/1\u00ba 4149-010 Porto,\u00a0matriculada\u00a0na\u00a0Conservat\u00f3ria do\u00a0Registo\u00a0Comercial do Porto com n\u00famero \u00fanico de\u00a0matr\u00edcula 505051931,<strong>\u00a0<\/strong>e com o capital social de\u00a03.000.000,00\u00a0Euros, empresa do Grupo NORS,\u00a0tem como finalidade disponibilizar conte\u00fados de car\u00e1ter geral e informativo. Este website n\u00e3o dever\u00e1 ser utilizado nem tido como substituto de informa\u00e7\u00f5es que lhe sejam\u00a0prestadas pela\u00a0<strong>Nors VT Trucks and Buses Portugal S.A.<\/strong>.<\/p>\n\n\n\n<p class=\" translation-block\"><strong><strong>Nors VT Trucks and Buses Portugal S.A.<\/strong><\/strong> makes every effort to ensure that the information contained on this website is correct and up to date. However, its accuracy cannot be guaranteed, and therefore <strong><strong>Nors VT Trucks and Buses Portugal S.A.<\/strong><\/strong> accepts no responsibility for the accuracy, completeness, or authenticity of any information contained on this website.<\/p>\n\n\n\n<p class=\" translation-block\">Regarding the use and risk of using the website, <strong>Nors VT Trucks and Buses Portugal S.A.<\/strong> specifically rejects any responsibility for direct, indirect, accidental, consequential, or special damages arising from or in any way related to your access or use of the website, which may affect your computer equipment, or your trust in the information obtained.<\/p>\n\n\n\n<p class=\" translation-block\"><strong>Nors VT Trucks and Buses Portugal S.A.<\/strong> also reserves the right to introduce changes at any time, without prior notice, regarding the products and services mentioned on this website.<\/p>\n\n\n\n<p class=\" translation-block\">The website of <strong>Nors VT Trucks and Buses Portugal S.A.<\/strong> is governed by these Terms and Conditions, and by using our website, the visitor and\/or user expressly accepts them. Therefore, if you do not agree with the current Terms and Conditions, you should not use this website.<\/p>\n\n\n\n<p>2.&nbsp;<strong>Intellectual Property<\/strong><\/p>\n\n\n\n<p class=\" translation-block\">The content of this website, including trademarks, designs, logos, text, images, audio, and video materials, is the property of <strong>Nors VT Trucks and Buses Portugal S.A.<\/strong>, unless otherwise indicated with a reference to its source, and is protected by general law and national and international intellectual property protection legislation. It is not allowed to display, reproduce, distribute, modify, transmit, or use the content of this website in any way for any public or commercial purpose, without the prior and express written authorization of <strong>Nors VT Trucks and Buses Portugal S.A.<\/strong><\/p>\n\n\n\n<p class=\" translation-block\">You may only use the information, text, figures, or graphics on this website for personal use, and never for commercial purposes. You should not reproduce, modify, transmit, authorize, or publish such information, in whole or in part, for any purpose, without the prior written authorization of <strong>Nors VT Trucks and Buses Portugal S.A.<\/strong><\/p>\n\n\n\n<p>3.&nbsp;<strong>Personal Data Processing<\/strong><\/p>\n\n\n\n<p class=\" translation-block\"><strong>Nors VT Trucks and Buses Portugal S.A.<\/strong> provides its Privacy Policy on this website, which we recommend you read, where we provide all the information regarding the processing of your personal data and your rights as a data subject.<\/p>\n\n\n\n<p>For any matters related to the processing of your data, please contact us at:<\/p>\n\n\n\n<p class=\" translation-block\"><strong>Address<\/strong>: Rua Manuel Pinto de Azevedo, 711, 1\u00ba, 4149-010 Porto - Portugal<\/p>\n\n\n\n<p><strong>Email:<\/strong>&nbsp;dpo@nors.com<\/p>\n\n\n\n<p>4.&nbsp;<strong>Use of Cookies<\/strong><\/p>\n\n\n\n<p class=\" translation-block\"><strong>Nors VT Trucks and Buses Portugal S.A.<\/strong> uses 'cookie' technology to record the user's activity on the website and to assess and improve it, making it more useful and functional for you. Remember, you can set your browser to refuse cookies. For more information on cookies, please consult our Cookie Policy.<\/p>\n\n\n\n<p>5.&nbsp;<strong>Links to other websites&nbsp;<\/strong><\/p>\n\n\n\n<p>No website da&nbsp;<strong><strong>Nors VT Trucks and Buses Portugal S.A.<\/strong><\/strong>&nbsp;poder\u00e1 encontrar links de acesso a outros websites, n\u00e3o se aceitando qualquer responsabilidade pelos conte\u00fados, exatid\u00e3o, credibilidade e funcionalidades de websites pertencentes a terceiros. A disponibiliza\u00e7\u00e3o de tais links \u00e9 efetuada de boa-f\u00e9, n\u00e3o podendo a&nbsp;<strong><strong>Nors VT Trucks and Buses Portugal S.A.<\/strong><\/strong>&nbsp;ser responsabilizada pelas modifica\u00e7\u00f5es que sejam efetuadas em websites pertencentes a terceiros.<\/p>\n\n\n\n<p class=\" translation-block\">Providing links to websites external to <strong>Nors VT Trucks and Buses Portugal S.A.<\/strong> does not imply any assumption of responsibility for those websites. We recommend that you review and carefully read the legal information and privacy policies of all websites you visit.<\/p>\n\n\n\n<p>6.&nbsp;<strong>Data Security<\/strong><\/p>\n\n\n\n<p class=\" translation-block\"><strong>Nors VT Trucks and Buses Portugal S.A.<\/strong> has technical and organizational procedures in place to prevent security breaches and unauthorized access to personal data, as well as its destruction or unlawful use.<\/p>\n\n\n\n<p class=\" translation-block\">Despite all efforts, <strong>Nors VT Trucks and Buses Portugal S.A.<\/strong> cannot guarantee the absolute inviolability of the information received, considering the insecure nature of open networks like the Internet.<\/p>\n\n\n\n<p class=\" translation-block\"><strong>Nors VT Trucks and Buses Portugal S.A.<\/strong> is not responsible for damages caused by viruses or other equally dangerous elements to your computer.<\/p>\n\n\n\n<p>7.&nbsp;<strong>Final Provisions&nbsp;<\/strong><\/p>\n\n\n\n<p class=\" translation-block\"><strong>Nors VT Trucks and Buses Portugal S.A.<\/strong> reserves the right to, at any time and without prior notice, change these Terms and Conditions. Therefore, we recommend that you visit this page regularly to review the information contained in it and any additional information.<\/p>\n\n\n\n<p>The way you use this website and its content shall be entirely your responsibility, and you do so at your own risk.<\/p>\n\n\n\n<p>These Terms and Conditions are governed by Portuguese law.&nbsp;<\/p>\n\n\n\n<p>These Terms and Conditions were last updated on 26th July 2022.<\/p>\n<\/div>\n\n\n\n<div style=\"height:100px\" aria-hidden=\"true\" class=\"wp-block-spacer\"><\/div>","protected":false},"excerpt":{"rendered":"<p>Termos e Condi\u00e7\u00f5es de Utiliza\u00e7\u00e3o do website Nors VT Trucks and Buses Portugal S.A. 1.&nbsp;Informa\u00e7\u00e3o Pr\u00e9via O website da\u00a0Nors VT Trucks and Buses Portugal S.A.,\u00a0sociedade an\u00f3nima,\u00a0com\u00a0sede na Rua Manuel Pinto de Azevedo, 711 \/1\u00ba 4149-010 Porto,\u00a0matriculada\u00a0na\u00a0Conservat\u00f3ria do\u00a0Registo\u00a0Comercial do Porto com n\u00famero \u00fanico de\u00a0matr\u00edcula 505051931,\u00a0e com o capital social de\u00a03.000.000,00\u00a0Euros, empresa do Grupo NORS,\u00a0tem como finalidade [&hellip;]<\/p>","protected":false},"author":1,"featured_media":0,"parent":0,"menu_order":0,"comment_status":"closed","ping_status":"closed","template":"","meta":[],"acf":[],"_links":{"self":[{"href":"https:\/\/trucks-buses-pt-vt.nors.com\/en\/wp-json\/wp\/v2\/pages\/1630"}],"collection":[{"href":"https:\/\/trucks-buses-pt-vt.nors.com\/en\/wp-json\/wp\/v2\/pages"}],"about":[{"href":"https:\/\/trucks-buses-pt-vt.nors.com\/en\/wp-json\/wp\/v2\/types\/page"}],"author":[{"embeddable":true,"href":"https:\/\/trucks-buses-pt-vt.nors.com\/en\/wp-json\/wp\/v2\/users\/1"}],"replies":[{"embeddable":true,"href":"https:\/\/trucks-buses-pt-vt.nors.com\/en\/wp-json\/wp\/v2\/comments?post=1630"}],"version-history":[{"count":11,"href":"https:\/\/trucks-buses-pt-vt.nors.com\/en\/wp-json\/wp\/v2\/pages\/1630\/revisions"}],"predecessor-version":[{"id":2411,"href":"https:\/\/trucks-buses-pt-vt.nors.com\/en\/wp-json\/wp\/v2\/pages\/1630\/revisions\/2411"}],"wp:attachment":[{"href":"https:\/\/trucks-buses-pt-vt.nors.com\/en\/wp-json\/wp\/v2\/media?parent=1630"}],"curies":[{"name":"wp","href":"https:\/\/api.w.org\/{rel}","templated":true}]}}