{"id":1557,"date":"2022-07-25T14:39:25","date_gmt":"2022-07-25T14:39:25","guid":{"rendered":"http:\/\/srv8156.nors.pt\/?page_id=1557"},"modified":"2025-04-17T13:50:41","modified_gmt":"2025-04-17T13:50:41","slug":"politica-de-qualidade-e-ambiente","status":"publish","type":"page","link":"https:\/\/trucks-buses-pt-vt.nors.com\/en\/politica-de-qualidade-e-ambiente\/","title":{"rendered":"Quality and Environment Policy"},"content":{"rendered":"<div style=\"height:100px\" aria-hidden=\"true\" class=\"wp-block-spacer\"><\/div>\n\n\n\n<div class=\"wp-block-group alignwide is-layout-constrained wp-container-1\">\n<h2 class=\"wp-block-heading has-text-align-center\">Quality and Environment Policy<\/h2>\n\n\n\n<h2 class=\"wp-block-heading has-text-align-center\"><strong><strong>Nors VT Trucks and Buses Portugal S.A.<\/strong><\/strong><\/h2>\n\n\n\n<p>NORS VT TRUCKS AND BUSES PORTUGAL S.A., as a benchmark company in the markets and activity sectors in which it operates, defines its Quality and Environment Policy in accordance with the following principles:<\/p>\n\n\n\n<p>\u2022 To provide its customers with top quality products and services in order to meet their expectations and agreed requirements;<\/p>\n\n\n\n<p>\u2022 It will carry out its activity on the basis of respect for ethical, social and environmental values, and will also aim to satisfy the needs and expectations of its stakeholders;<\/p>\n\n\n\n<p>\u2022 Establish measurable quality and environmental objectives that represent a clear commitment to continuous improvement, which will be reviewed annually and will be a challenge for the entire organization;<\/p>\n\n\n\n<p>\u2022 To provide our employees with the right resources so that they can improve their skills and carry out their work with motivation, creativity and team spirit;<\/p>\n\n\n\n<p>\u2022 Promote a culture of environmental protection and sustainable development, through pollution prevention, adaptation to climate change, reduction of waste production and proper disposal of waste that cannot be avoided, nature conservation and sustainable use of resources;<\/p>\n\n\n\n<p>\u2022 Comply with all legal and other requirements to which the organization subscribes, in order to reduce possible negative environmental impacts;<\/p>\n\n\n\n<p>\u2022 Communicate correct environmental behaviors to employees through training and information programs, in order to minimize the environmental impacts associated with our activity;&nbsp;<\/p>\n\n\n\n<p>\u2022 Periodically review the quality and environmental management system, as well as the suitability of the quality and environmental policy that supports it, in order to continuously improve its effectiveness, counting on the participation and commitment of all its employees.<\/p>\n\n\n\n<p>Porto,\u00a0April\u00a09th 2025<\/p>\n<\/div>\n\n\n\n<div style=\"height:100px\" aria-hidden=\"true\" class=\"wp-block-spacer\"><\/div>","protected":false},"excerpt":{"rendered":"<p>Pol\u00edtica de Qualidade e Ambiente Nors VT Trucks and Buses Portugal S.A. A&nbsp;NORS&nbsp;VT TRUCKS AND BUSES&nbsp;PORTUGAL S.A., como&nbsp;empresa&nbsp;de refer\u00eancia nos mercados&nbsp;e setores de atividade onde atua, define a sua Pol\u00edtica da&nbsp;Qualidade e Ambiente de acordo com os seguintes princ\u00edpios: \u2022&nbsp;Disponibilizar aos seus clientes produtos e servi\u00e7os de qualidade superior, de&nbsp;modo a satisfazer as suas expectativas [&hellip;]<\/p>","protected":false},"author":1,"featured_media":0,"parent":0,"menu_order":0,"comment_status":"closed","ping_status":"closed","template":"","meta":[],"acf":[],"_links":{"self":[{"href":"https:\/\/trucks-buses-pt-vt.nors.com\/en\/wp-json\/wp\/v2\/pages\/1557"}],"collection":[{"href":"https:\/\/trucks-buses-pt-vt.nors.com\/en\/wp-json\/wp\/v2\/pages"}],"about":[{"href":"https:\/\/trucks-buses-pt-vt.nors.com\/en\/wp-json\/wp\/v2\/types\/page"}],"author":[{"embeddable":true,"href":"https:\/\/trucks-buses-pt-vt.nors.com\/en\/wp-json\/wp\/v2\/users\/1"}],"replies":[{"embeddable":true,"href":"https:\/\/trucks-buses-pt-vt.nors.com\/en\/wp-json\/wp\/v2\/comments?post=1557"}],"version-history":[{"count":12,"href":"https:\/\/trucks-buses-pt-vt.nors.com\/en\/wp-json\/wp\/v2\/pages\/1557\/revisions"}],"predecessor-version":[{"id":2414,"href":"https:\/\/trucks-buses-pt-vt.nors.com\/en\/wp-json\/wp\/v2\/pages\/1557\/revisions\/2414"}],"wp:attachment":[{"href":"https:\/\/trucks-buses-pt-vt.nors.com\/en\/wp-json\/wp\/v2\/media?parent=1557"}],"curies":[{"name":"wp","href":"https:\/\/api.w.org\/{rel}","templated":true}]}}