{"id":1279,"date":"2022-06-21T15:35:42","date_gmt":"2022-06-21T15:35:42","guid":{"rendered":"http:\/\/srv8156.nors.pt\/?page_id=1279"},"modified":"2026-03-03T16:19:48","modified_gmt":"2026-03-03T16:19:48","slug":"contactos","status":"publish","type":"page","link":"https:\/\/trucks-buses-pt-vt.nors.com\/en\/contactos\/","title":{"rendered":"Contacts"},"content":{"rendered":"<div style=\"height:50px\" aria-hidden=\"true\" class=\"wp-block-spacer\"><\/div>\n\n\n\n<div class=\"wp-block-group alignfull is-layout-flow\">\n<div class=\"wp-block-group is-layout-constrained\">\n<h2 class=\"wp-block-heading small\" style=\"text-transform:uppercase\">Contacts<\/h2>\n\n\n<style>#sp-ea-1284 .spcollapsing { height: 0; overflow: hidden; transition-property: height;transition-duration: 300ms;}#sp-ea-1284.sp-easy-accordion>.sp-ea-single {border: 1px solid #e2e2e2; }#sp-ea-1284.sp-easy-accordion>.sp-ea-single>.ea-header a {color: #444;}#sp-ea-1284.sp-easy-accordion>.sp-ea-single>.sp-collapse>.ea-body {background: #fff; color: #444;}#sp-ea-1284.sp-easy-accordion>.sp-ea-single {background: #eee;}#sp-ea-1284.sp-easy-accordion>.sp-ea-single>.ea-header a .ea-expand-icon.fa { float: right; color: #444;font-size: 16px;}#sp-ea-1284.sp-easy-accordion>.sp-ea-single>.ea-header a .ea-expand-icon.fa {margin-right: 0;}<\/style><div id=\"sp-ea-1284\" class=\"sp-ea-one sp-easy-accordion\" data-ex-icon=\"fa-minus\" data-col-icon=\"fa-plus\"  data-ea-active=\"ea-click\"  data-ea-mode=\"vertical\" data-preloader=\"\" data-scroll-active-item=\"\" data-offset-to-scroll=\"0\"><div class=\"ea-card  sp-ea-single\"><h3 class=\"ea-header\"><a class=\"collapsed\" data-sptoggle=\"spcollapse\" data-sptarget=\"#collapse12840\" href=\"javascript:void(0)\"  aria-expanded=\"false\"><i class=\"ea-expand-icon fa fa-plus\"><\/i> CAMI\u00d5ES VOLVO E AUTOCARROS VOLVO<\/a><\/h3><div class=\"sp-collapse spcollapse spcollapse\" id=\"collapse12840\" data-parent=\"#sp-ea-1284\"><div class=\"ea-body\"><p><span style=\"font-family: apex-new;\"><strong><span style=\"font-size: 14pt;\">HEADQUARTERS<\/span><\/strong><\/span><br \/>\n<span style=\"font-family: apex-new;\"><strong><span class=\"ui-provider ko b c d e f g h i j k l m n o p q r s t u v w x y z ab ac ae af ag ah ai aj ak\" dir=\"ltr\">Nors Trucks and Buses Portugal VT<\/span><\/strong><\/span><br \/>\n<span style=\"font-family: apex-new;\" data-teams=\"true\"><span class=\"ui-provider ko b c d e f g h i j k l m n o p q r s t u v w x y z ab ac ae af ag ah ai aj ak\" dir=\"ltr\">Rua Manuel Pinto de Azevedo, 711 \/1\u00ba<br \/>\n4149-010 Porto\/ Portugal<\/span><\/span><br \/>\n<span style=\"font-family: apex-new;\">T. 226 150 311 - chamada para rede fixa nacional<\/span><\/p>\n<p><span style=\"font-family: apex-new;\"><strong>Unidade Ap\u00f3s-Venda de Braga<\/strong><\/span><br \/>\n<span style=\"font-family: apex-new;\">Cabanas - S.Martinho de Dume<\/span><br \/>\n<span style=\"font-family: apex-new;\">Apartado 2413<\/span><br \/>\n<span style=\"font-family: apex-new;\">4701-967 Braga<\/span><br \/>\n<span style=\"font-family: apex-new;\">Email: as.braga@nors.com<\/span><br \/>\n<span style=\"font-family: apex-new;\">T. 253 609 800 - chamada para rede fixa nacional<\/span><br \/>\n<span style=\"font-family: apex-new;\">F. 253 609 808 - chamada para rede fixa nacional<\/span><\/p>\n<p><span style=\"font-family: apex-new;\"><strong>Unidade Ap\u00f3s-Venda de Bragan\u00e7a<\/strong><\/span><br \/>\n<span style=\"font-family: apex-new;\">Rua Dr. Jos\u00e9 Lopes<\/span><br \/>\n<span style=\"font-family: apex-new;\">Zona Industrial<\/span><br \/>\n<span style=\"font-family: apex-new;\">5300-416 Bragan\u00e7a<\/span><br \/>\n<span style=\"font-family: apex-new;\">Email: as.braganca@nors.com<\/span><br \/>\n<span style=\"font-family: apex-new;\">T. 273 310 140 - chamada para rede fixa nacional<\/span><br \/>\n<span style=\"font-family: apex-new;\">F. 273 310 159 \u00a0- chamada para rede fixa nacional<\/span><\/p>\n<p><span style=\"font-family: apex-new;\"><strong>Unidade Ap\u00f3s-Venda de Guimar\u00e3es<br \/>\n<\/strong>Av. da Industria, 65<\/span><br \/>\n<span style=\"font-family: apex-new;\">Brito<\/span><br \/>\n<span style=\"font-family: apex-new;\">4800-342 Guimar\u00e3es<\/span><br \/>\n<span style=\"font-family: apex-new;\">Email: as.guimaraes@nors.com<\/span><br \/>\n<span style=\"font-family: apex-new;\">T. 253 572 044 \u00a0- chamada para rede fixa nacional<\/span><br \/>\n<span style=\"font-family: apex-new;\">T. 912 398 119 - chamada para rede m\u00f3vel nacional<\/span><br \/>\n<span style=\"font-family: apex-new;\">F. 253 572 048 - chamada para rede fixa nacional<\/span><\/p>\n<p><span style=\"font-family: apex-new;\"><strong>Unidade Ap\u00f3s-Venda de S\u00e3o Jo\u00e3o da Talha<br \/>\n<\/strong>Rua Bartolomeu Dias, 99<\/span><br \/>\n<span style=\"font-family: apex-new;\">E.N. N\u00ba10 | S\u00e3o Jo\u00e3o da Talha<\/span><br \/>\n<span style=\"font-family: apex-new;\">2695-719 S\u00e3o Jo\u00e3o da Talha<\/span><br \/>\n<span style=\"font-family: apex-new;\">Email: as.sjtalha@nors.com<\/span><br \/>\n<span style=\"font-family: apex-new;\">T. 210 031 200 - chamada para rede fixa nacional<\/span><br \/>\n<span style=\"font-family: apex-new;\">F. 210 031 208 - chamada para rede fixa nacional<\/span><\/p>\n<p><span style=\"font-family: apex-new;\"><strong>Unidade Ap\u00f3s-Venda de Maia<br \/>\n<\/strong>Rua Joaquim Dias Salgueiro, 543<\/span><br \/>\n<span style=\"font-family: apex-new;\">Vila Nova da Telha<\/span><br \/>\n<span style=\"font-family: apex-new;\">4470-777 Maia<\/span><br \/>\n<span style=\"font-family: apex-new;\">Email: as.maia@nors.com<\/span><br \/>\n<span style=\"font-family: apex-new;\">T. 229 982 460 - chamada para rede fixa nacional<\/span><br \/>\n<span style=\"font-family: apex-new;\">T. 910 333 649 \u00a0- chamada para rede m\u00f3vel nacional<\/span><br \/>\n<span style=\"font-family: apex-new;\">F. 229 982 469 - chamada para rede fixa nacional<\/span><\/p>\n<p><span style=\"font-family: apex-new;\"><strong>Unidade Ap\u00f3s-Venda de Santar\u00e9m<br \/>\n<\/strong>Rua Conde da Ribeira Grande, 544<\/span><br \/>\n<span style=\"font-family: apex-new;\">2005-002 Santar\u00e9m<\/span><br \/>\n<span style=\"font-family: apex-new;\">Email: as.santarem@nors.com<\/span><br \/>\n<span style=\"font-family: apex-new;\">T. 243 350 420 \u00a0- chamada para rede fixa nacional<\/span><br \/>\n<span style=\"font-family: apex-new;\">F. 243 350 421 - chamada para rede fixa nacional<\/span><\/p>\n<p><span style=\"font-family: apex-new;\"><strong>Unidade Ap\u00f3s-Venda de Set\u00fabal<br \/>\n<\/strong>Parque Industrial \u201cEcoparque\u201d<\/span><br \/>\n<span style=\"font-family: apex-new;\">Lote 70 | E.N. N\u00ba10<\/span><br \/>\n<span style=\"font-family: apex-new;\">2965-500 \u00c1guas de Moura<\/span><br \/>\n<span style=\"font-family: apex-new;\">Email: camioes.setubal@nors.com<\/span><br \/>\n<span style=\"font-family: apex-new;\">T. 265 708 110 - chamada para rede fixa nacional<\/span><br \/>\n<span style=\"font-family: apex-new;\">T. 265 708 112 - chamada para rede fixa nacional<\/span><br \/>\n<span style=\"font-family: apex-new;\">F. 265 708 128 - chamada para rede fixa nacional<\/span><\/p>\n<p><span style=\"font-family: apex-new;\"><strong>Unidade Ap\u00f3s-Venda de Torres Vedras<br \/>\n<\/strong>Rua Alberto Hip\u00f3lito<\/span><br \/>\n<span style=\"font-family: apex-new;\">Lote 7 - Zona Industrial de Arenes<\/span><br \/>\n<span style=\"font-family: apex-new;\">2560-650 Torres Vedras<\/span><br \/>\n<span style=\"font-family: apex-new;\">Email: camioes.torresvedras@nors.com<\/span><br \/>\n<span style=\"font-family: apex-new;\">T. 261 335 110 - chamada para rede fixa nacional<\/span><br \/>\n<span style=\"font-family: apex-new;\">F. 261 335 118 - chamada para rede fixa nacional<\/span><\/p>\n<\/div><\/div><\/div><div class=\"ea-card  sp-ea-single\"><h3 class=\"ea-header translation-block\">VOLVO<BR>USED TRUCKS<\/h3><div class=\"sp-collapse spcollapse spcollapse\" id=\"collapse12841\" data-parent=\"#sp-ea-1284\"><div class=\"ea-body\"><p><span style=\"font-family: apex-new;\"><span class=\"s3\"><strong><span data-teams=\"true\"><span class=\"ui-provider ko b c d e f g h i j k l m n o p q r s t u v w x y z ab ac ae af ag ah ai aj ak\" dir=\"ltr\">Nors Trucks and Buses Portugal VT<\/span><\/span><br \/>\nVolvo Used Trucks\u00a0\u00a0\u00a0\u00a0<\/strong><br \/>\n<\/span><span class=\"s4\"><span data-teams=\"true\"><span class=\"ui-provider ko b c d e f g h i j k l m n o p q r s t u v w x y z ab ac ae af ag ah ai aj ak\" dir=\"ltr\">Rua Manuel Pinto de Azevedo, 711 \/1\u00ba<br \/>\n4149-010 Porto\/ Portugal<br \/>\n<\/span><\/span><\/span><\/span><span style=\"font-family: apex-new;\"><span class=\"s4\">Email: <\/span><a href=\"mailto:usados@nors.com\"><span class=\"s5\">usados@nors.com<\/span><\/a><\/span><span style=\"font-family: apex-new;\"><span class=\"s4\"><br \/>\n<\/span><span class=\"s4\">T. 226 150\u00a0330 - chamada para rede fixa nacional<br \/>\n<\/span><span class=\"s4\">T. 932\u00a0020\u00a0199 - chamada para rede m\u00f3vel nacional<\/span><\/span><\/p>\n<\/div><\/div><\/div><div class=\"ea-card  sp-ea-single\"><h3 class=\"ea-header\"><a class=\"collapsed\" data-sptoggle=\"spcollapse\" data-sptarget=\"#collapse12842\" href=\"javascript:void(0)\"  aria-expanded=\"false\"><i class=\"ea-expand-icon fa fa-plus\"><\/i> MOTORES VOLVO PENTA<\/a><\/h3><div class=\"sp-collapse spcollapse spcollapse\" id=\"collapse12842\" data-parent=\"#sp-ea-1284\"><div class=\"ea-body\"><p class=\"p1\"><strong><span data-teams=\"true\"><span class=\"ui-provider ko b c d e f g h i j k l m n o p q r s t u v w x y z ab ac ae af ag ah ai aj ak\" dir=\"ltr\">Nors Trucks and Buses Portugal VT<\/span><\/span><br \/>\nVolvo Penta -<span class=\"Apple-converted-space\"> Unidade Ap\u00f3s-Venda de Gaia<\/span><br \/>\n<\/strong>Rua da Telheira<br \/>\n4405-907 Vila Nova de Gaia<br \/>\n<span class=\"s1\">Email: <a href=\"mailto:as.gaia@nors.com\"><span class=\"s2\">as.gaia@nors.com<\/span><\/a><\/span><br \/>\nT. 227 155 410<\/p>\n<p class=\"p1\"><strong>Volvo Penta -<span class=\"Apple-converted-space\">\u00a0 <\/span>Unidade Ap\u00f3s-Venda de Lisboa<\/strong><span class=\"Apple-converted-space\"><br \/>\n<\/span>Rua Bartolomeu Dias 99, EN10 \u2013 Edif\u00edcio Volvo<span class=\"Apple-converted-space\"><br \/>\n<\/span>2695-719 S\u00e3o Jo\u00e3o da Talha<span class=\"Apple-converted-space\"><br \/>\n<\/span><span class=\"s1\">Email: <a href=\"mailto:as.sjtalha@nors.com\"><span class=\"s2\">as.sjtalha@nors.com<\/span><\/a><\/span><br \/>\nT. 210 031 200 - chamada para rede fixa nacional<span class=\"Apple-converted-space\"><br \/>\n<\/span>F.\u00a0 210 031 208 - chamada para rede fixa nacional<span class=\"Apple-converted-space\">\u00a0<\/span><\/p>\n<p style=\"font-weight: 400;\"><strong>Volvo Penta \u2013 \u00c1rea Comercial<\/strong><br \/>\nRua Bartolomeu Dias 99, EN10 \u2013 Edif\u00edcio Volvo<br \/>\n2695-719 S\u00e3o Jo\u00e3o da Talha<br \/>\nT.917 591393 \u2013 chamada para rede m\u00f3vel nacional<\/p>\n<p class=\"p1\"><strong>SERVI\u00c7OS OFICIAIS VOLVO PENTA<\/strong><\/p>\n<p style=\"font-weight: 400;\"><strong>Tecni-Marine<br \/>\n<\/strong>MTY Service, Marina de Cascais, Loja 121\/129, Cascais<br \/>\nT.\u00a0 214 834 395 - chamada para rede fixa nacional<br \/>\nT. 289 301 329 - chamada para rede fixa nacional<\/p>\n<p style=\"font-weight: 400;\"><strong>C N Alg\u00e9s<br \/>\n<\/strong>Torre VTS, Passeio Mar\u00edtimo de Alg\u00e9s, ALG\u00c9S<br \/>\nT.\u00a0 213 032440 - chamada para rede fixa nacional<br \/>\n<a href=\"http:\/\/www.cnalges.pt\/\">http:\/\/www.cnalges.pt\/<\/a><\/p>\n<p style=\"font-weight: 400;\"><strong>Wavetech, Lda.<br \/>\n<\/strong>Marina de Cascais, loja 128, CASCAIS<br \/>\nT. 214 847 025 - chamada para rede fixa nacional<br \/>\n<a href=\"http:\/\/www.wavetech.pt\/\">www.wavetech.pt<\/a><\/p>\n<p style=\"font-weight: 400;\"><strong>Boatcenter - Ser Activ Nauticas Lda<br \/>\n<\/strong>Trem Naval de Santa Catarina, Edif. BoatCenter, EN 10-4, Mitrena<br \/>\nT. 234 390 270 - chamada para rede fixa nacional<br \/>\n<a href=\"https:\/\/www.boatcenter.pt\/pt\/index.php\">https:\/\/www.boatcenter.pt\/pt\/index.php<\/a><\/p>\n<p style=\"font-weight: 400;\"><strong>Nautibr\u00e1s, Lda<br \/>\n<\/strong>Rua da Azinhaga. Sampaio,<br \/>\n2970-581 Sesimbra<br \/>\nT. 212 685 540 - chamada para rede fixa nacional<br \/>\nT. 968 020 978 - chamada para rede m\u00f3vel nacional<br \/>\n<a href=\"http:\/\/www.nautibras.pt\/\">http:\/\/www.nautibras.pt\/<\/a><\/p>\n<p style=\"font-weight: 400;\"><strong>Tecni-Marine<br \/>\n<\/strong>Estaleiro da Marina de Vilamoura, VILAMOURA<br \/>\nT. 289 301 329 - chamada para rede fixa nacional<br \/>\n<a href=\"http:\/\/www.tecnimarine.com\/\">www.tecnimarine.com<\/a><\/p>\n<p style=\"font-weight: 400;\"><strong>Sopromar, Lda<br \/>\n<\/strong>Estrada Sopromar Estaleiro n\u00ba1, LAGOS<br \/>\nT.\u00a0 282 763 889 - chamada para rede fixa nacional<br \/>\n<a href=\"https:\/\/www.sopromar.com\/\">https:\/\/www.sopromar.com<\/a><\/p>\n<p style=\"font-weight: 400;\"><strong>VP Nautica Lda<br \/>\n<\/strong>Vilamoura Service and Business Center, Rua dos Aguadeiros Lote 6.I.21, Vilamoura<br \/>\nT.\u00a0 289080401 - chamada para rede fixa nacional<br \/>\n<a href=\"https:\/\/vp-nautica.com\/\">https:\/\/vp-nautica.com\/<\/a><\/p>\n<p style=\"font-weight: 400;\"><strong>Ondan\u00e1utica, Lda<br \/>\n<\/strong>Complexo de Estaleiros Navais-Doca pesca, Parchal (Portim\u00e3o)<br \/>\nT. 282 418 920 - chamada para rede fixa nacional<br \/>\n<a href=\"http:\/\/www.ondanautica.com\/\">www.ondanautica.com<\/a><\/p>\n<p style=\"font-weight: 400;\"><strong>MAYS-Mid Atlantic Yacht Service<br \/>\n<\/strong>Rua Conselheiro Miguel da Silveira, 3, Horta<br \/>\nT. 292 391 616 - chamada para rede fixa nacional<br \/>\n<a href=\"http:\/\/www.midatlanticyachtservices.com\/\">http:\/\/www.midatlanticyachtservices.com\/<\/a><\/p>\n<p style=\"font-weight: 400;\"><strong>Varela &amp; C\u00aa, Lda.<br \/>\n<\/strong>Rua dos Valados, 20 \/ Relva, Ponta Delgada<br \/>\nT.\u00a0 296 301 837 - chamada para rede fixa nacional<br \/>\nT. 296307823 - chamada para rede fixa nacional<\/p>\n<p style=\"font-weight: 400;\"><strong>Mendes Gomes &amp; C\u00aa. Lda<br \/>\n<\/strong>Parque Industrial da Cancela | Pavilh\u00e3o 5.1 a 5.5(Parts and Service),<br \/>\nCani\u00e7o (Santa Cruz)<br \/>\nT.\u00a0 291 934 400 - chamada para rede fixa nacional<br \/>\n<a href=\"http:\/\/www.mgl.pt\/\">http:\/\/www.mgl.pt<\/a><\/p>\n<\/div><\/div><\/div><div class=\"ea-card  sp-ea-single\"><h3 class=\"ea-header translation-block\">ISUZU<BR>BUSES<\/h3><div class=\"sp-collapse spcollapse spcollapse\" id=\"collapse12843\" data-parent=\"#sp-ea-1284\"><div class=\"ea-body\"><p><span style=\"font-family: apex-new;\"><span class=\"s3\"><strong><span class=\"ui-provider ko b c d e f g h i j k l m n o p q r s t u v w x y z ab ac ae af ag ah ai aj ak\" dir=\"ltr\">Nors Trucks and Buses Portugal VT<\/span><\/strong><br \/>\n<\/span><span class=\"s3\"><span data-teams=\"true\"><span class=\"ui-provider ko b c d e f g h i j k l m n o p q r s t u v w x y z ab ac ae af ag ah ai aj ak\" dir=\"ltr\">Rua Manuel Pinto de Azevedo, 711 \/1\u00ba<br \/>\n4149-010 Porto\/ Portugal<\/span><\/span><\/span><\/span><\/p>\n<p><strong>\u00c1rea Comercial<br \/>\n<\/strong><a href=\"mailto:joneves@nors.com\">joneves@nors.com<\/a><br \/>\nT. 918 786 027 <span style=\"font-family: apex-new;\"><span class=\"s3\">- <\/span><span class=\"s3\"><span> <\/span><span class=\"s3\"><span><\/span><a name=\"_GoBack\"><\/a><span class=\"s3\"> <span><\/span><\/span><br \/>\n<a href=\"mailto:dipereira@nors.com\">dipereira@nors.com<\/a><br \/>\nT. 916 311 314 <span style=\"font-family: apex-new;\"><span class=\"s3\">- <\/span><span class=\"s3\"><span> <\/span><span class=\"s3\"><span><\/span><a name=\"_GoBack\"><\/a><span class=\"s3\"> <span><\/span><\/span><\/p>\n<p><span style=\"font-family: apex-new;\"><strong><span class=\"s3\">Unidade Ap\u00f3s-Venda de<\/span><\/strong><span class=\"s3\"><strong> Maia<\/strong><br \/>\n<\/span><span class=\"s3\">Rua Joaquim Dias Salgueiro, 543<br \/>\n<\/span><span class=\"s3\">4470-558 Maia \u2013 Portugal<br \/>\n<\/span><span class=\"s3\">T. 229 982 460 - <\/span><span class=\"s3\"><span> <\/span><span class=\"s3\"><span><\/span><span class=\"s3\"> <span><\/span><\/span><\/p>\n<p><span style=\"font-family: apex-new;\"><span class=\"s3\"><strong>Unidade Ap\u00f3s-Venda de Lisboa<\/strong><br \/>\n<\/span><span class=\"s3\">Estrada Nacional, 10<br \/>\n<\/span><span class=\"s3\">S\u00e3o Jo\u00e3o da Talha<br \/>\n<\/span><span class=\"s3\">2686-955 Sacav\u00e9m \u2013 Portugal<br \/>\n<\/span><span class=\"s3\">T. 210 03 12 00 - <\/span><span class=\"s3\"><span> <\/span><span class=\"s3\"><span><\/span><span class=\"s3\"> <span><\/span><\/span><\/p>\n<\/div><\/div><\/div><div class=\"ea-card  sp-ea-single\"><h3 class=\"ea-header\"><a class=\"collapsed\" data-sptoggle=\"spcollapse\" data-sptarget=\"#collapse12844\" href=\"javascript:void(0)\"  aria-expanded=\"false\"><i class=\"ea-expand-icon fa fa-plus\"><\/i> GERADORES REHLKO<\/a><\/h3><div class=\"sp-collapse spcollapse spcollapse\" id=\"collapse12844\" data-parent=\"#sp-ea-1284\"><div class=\"ea-body\"><p><span style=\"font-family: apex-new;\"><strong>Rehlko Gest\u00e3o Comercial \u2013 Vendas Norte<\/strong><\/span><br \/>\n<span style=\"font-family: apex-new;\" data-teams=\"true\"><span class=\"ui-provider ko b c d e f g h i j k l m n o p q r s t u v w x y z ab ac ae af ag ah ai aj ak\" dir=\"ltr\">Rua Manuel Pinto de Azevedo, 711 \/1\u00ba<br \/>\n4149-010 Porto\/ Portugal<\/span><\/span><br \/>\n<span style=\"font-family: apex-new;\">T. 226 150 300<\/span><br \/>\n<span style=\"font-family: apex-new;\">email: <a href=\"mailto:rehlko@nors.com\">rehlko@nors.com<\/a><\/span><\/p>\n<p><span style=\"font-family: apex-new;\"><strong>Rehlko Gest\u00e3o Comercial \u2013 Vendas Sul<\/strong><\/span><br \/>\n<span style=\"font-family: apex-new;\">Rua Bartolomeu Dias, 99<\/span><br \/>\n<span style=\"font-family: apex-new;\">E.N. N\u00ba10 | S\u00e3o Jo\u00e3o da Talha<\/span><br \/>\n<span style=\"font-family: apex-new;\">2695-719 S\u00e3o Jo\u00e3o da Talha<\/span><br \/>\n<span style=\"font-family: apex-new;\">email: <a href=\"mailto:rehlko@nors.com\">rehlko@nors.com<\/a><\/span><br \/>\n<span style=\"font-family: apex-new;\">T. 210 031 200<\/span><\/p>\n<p><span style=\"font-family: apex-new;\"><strong>Rehlko Unidade Ap\u00f3s-Venda de Gaia<\/strong><\/span><br \/>\n<span style=\"font-family: apex-new;\">Centro de Colis\u00e3o e Servi\u00e7os Especializados<\/span><br \/>\n<span style=\"font-family: apex-new;\">Rua da Telheira<\/span><br \/>\n<span style=\"font-family: apex-new;\">4405-907 Vila Nova de Gaia<\/span><br \/>\n<span style=\"font-family: apex-new;\">T. 227 155 410<\/span><br \/>\n<span style=\"font-family: apex-new;\">email: <a href=\"mailto:ANTPINTO@nors.com\">antpinto@nors.com<\/a><\/span><\/p>\n<p><span style=\"font-family: apex-new;\"><strong>Rehlko Unidade Ap\u00f3s-Venda de<\/strong><\/span><span style=\"font-family: apex-new;\">\u00a0<strong>Lisboa<\/strong><\/span><br \/>\n<span style=\"font-family: apex-new;\">Rua Bartolomeu Dias, 99<\/span><br \/>\n<span style=\"font-family: apex-new;\">E.N. N\u00ba10 | S\u00e3o Jo\u00e3o da Talha<\/span><br \/>\n<span style=\"font-family: apex-new;\">2695-719 S\u00e3o Jo\u00e3o da Talha<\/span><br \/>\n<span style=\"font-family: apex-new;\">T. 210 031 200<\/span><br \/>\n<span style=\"font-family: apex-new;\">email: <a href=\"mailto:JNASCIMENTO@nors.com\">jnascimento@nors.com<\/a><\/span><\/p>\n<p><span style=\"font-family: apex-new;\"><strong>Rehlko\u2013 Concession\u00e1rio Madeira<\/strong><\/span><br \/>\n<span style=\"font-family: apex-new;\">Mendes Gomes &amp; CA, Lda<\/span><br \/>\n<span style=\"font-family: apex-new;\">Parque Empresarial da Cancela<\/span><br \/>\n<span style=\"font-family: apex-new;\">Pavilh\u00e3o 5-1 a 5-5<\/span><br \/>\n<span style=\"font-family: apex-new;\">9125-042 Cani\u00e7o<\/span><br \/>\n<span style=\"font-family: apex-new;\">T. 291 934 400<\/span><br \/>\n<span style=\"font-family: apex-new;\">T. 914 232 939<\/span><br \/>\n<span style=\"font-family: apex-new;\">email: vpesados@mgl.pt<\/span><br \/>\n<span style=\"font-family: apex-new;\">email: comercial@mgl.pt<\/span><\/p>\n<p><span style=\"font-family: apex-new;\"><strong>Rehlko \u2013 Concession\u00e1rio A\u00e7ores<\/strong><\/span><br \/>\n<span style=\"font-family: apex-new;\">Varela &amp; CA<\/span><br \/>\n<span style=\"font-family: apex-new;\">Rua dos Valados, 20 \u2013 Relva<\/span><br \/>\n<span style=\"font-family: apex-new;\">Apartado 195<\/span><br \/>\n<span style=\"font-family: apex-new;\">9501-927 Ponta Delgada<\/span><br \/>\n<span style=\"font-family: apex-new;\">T. 296 301 823<\/span><br \/>\n<span style=\"font-family: apex-new;\">email: joao.sousa@bensaude.pt<\/span><\/p>\n<\/div><\/div><\/div><div class=\"ea-card  sp-ea-single\"><h3 class=\"ea-header translation-block\">COLLISION CENTER<\/h3><div class=\"sp-collapse spcollapse spcollapse\" id=\"collapse12845\" data-parent=\"#sp-ea-1284\"><div class=\"ea-body\"><p><span style=\"font-family: apex-new;\"><strong><span class=\"s3\">Collision Center Specialized Services\u00a0<\/span><\/strong><span class=\"s3\"><br \/>\n<\/span><a name=\"_GoBack\"><\/a><span class=\"s3\">Rua da Telheira,<br \/>\n<\/span><span class=\"s3\">4405-907 Vila Nova de Gaia<br \/>\n<\/span><span class=\"s3\">Email: <\/span><a href=\"mailto:as.gaia@nors.com\"><span class=\"s4\">as.gaia@nors.com<\/span><\/a><\/span><br \/>\n<span style=\"font-family: apex-new;\"><span class=\"s3\">T.<\/span><span class=\"s3\"> 227 155<\/span><span class=\"s3\">\u00a0<\/span><span class=\"s3\">410<\/span><span class=\"s3\"> <span><\/span><span class=\"s3\"><span><\/span><span class=\"s3\"> <span> <\/span><span class=\"s3\"><span><\/span> <span class=\"s3\"><span><\/span><\/span><\/p>\n<\/div><\/div><\/div><\/div>\n<\/div>\n<\/div>\n\n\n\n<div style=\"height:100px\" aria-hidden=\"true\" class=\"wp-block-spacer\"><\/div>","protected":false},"excerpt":{"rendered":"<p>Contacts<\/p>","protected":false},"author":1,"featured_media":0,"parent":0,"menu_order":0,"comment_status":"closed","ping_status":"closed","template":"","meta":[],"acf":[],"_links":{"self":[{"href":"https:\/\/trucks-buses-pt-vt.nors.com\/en\/wp-json\/wp\/v2\/pages\/1279"}],"collection":[{"href":"https:\/\/trucks-buses-pt-vt.nors.com\/en\/wp-json\/wp\/v2\/pages"}],"about":[{"href":"https:\/\/trucks-buses-pt-vt.nors.com\/en\/wp-json\/wp\/v2\/types\/page"}],"author":[{"embeddable":true,"href":"https:\/\/trucks-buses-pt-vt.nors.com\/en\/wp-json\/wp\/v2\/users\/1"}],"replies":[{"embeddable":true,"href":"https:\/\/trucks-buses-pt-vt.nors.com\/en\/wp-json\/wp\/v2\/comments?post=1279"}],"version-history":[{"count":12,"href":"https:\/\/trucks-buses-pt-vt.nors.com\/en\/wp-json\/wp\/v2\/pages\/1279\/revisions"}],"predecessor-version":[{"id":2465,"href":"https:\/\/trucks-buses-pt-vt.nors.com\/en\/wp-json\/wp\/v2\/pages\/1279\/revisions\/2465"}],"wp:attachment":[{"href":"https:\/\/trucks-buses-pt-vt.nors.com\/en\/wp-json\/wp\/v2\/media?parent=1279"}],"curies":[{"name":"wp","href":"https:\/\/api.w.org\/{rel}","templated":true}]}}